{"id":5572,"date":"2025-11-15T08:34:01","date_gmt":"2025-11-15T08:07:58","guid":{"rendered":"https:\/\/www.chancescook.com\/?post_type=product&#038;p=5572"},"modified":"2025-12-22T09:33:59","modified_gmt":"2025-12-22T09:33:59","slug":"custom-food-storage-containers-bulk","status":"publish","type":"product","link":"https:\/\/www.chancescook.com\/pt\/produto\/custom-food-storage-containers-bulk\/","title":{"rendered":"Recipientes de armazenamento de alimentos personalizados Lancheiras por atacado com tampa de vidro"},"content":{"rendered":"<div class=\"wp-block-columns is-layout-flex wp-container-core-columns-is-layout-9d6595d7 wp-block-columns-is-layout-flex\">\n<div class=\"wp-block-column is-layout-flow wp-block-column-is-layout-flow\">\n<h3 class=\"wp-block-heading\">Par\u00e2metros dos recipientes personalizados para armazenamento de alimentos:<\/h3>\n\n\n\n<ul class=\"wp-block-list\">\n<li><strong>Materiais:<\/strong> ss304\/ss201<\/li>\n\n\n\n<li><strong>Espessura: <\/strong>0,6 mm;<\/li>\n\n\n\n<li><strong>Tampa: <\/strong>tampa de vidro de silicone;<\/li>\n\n\n\n<li><strong>Acabamento exterior:<\/strong> eletr\u00f3lise interna e externa<\/li>\n\n\n\n<li><strong>SKU:<\/strong> 700\/1200\/1900\/1000\/1800\/3000 ml<br>700 ml: 15,9 x 12 x 4,6 cm<br>1200 ml: 19,5 \u00d7 14,8 \u00d7 5,1 cm<br>1900 ml: 23,6 \u00d7 18,2 \u00d7 5,5 cm<br>1000 ml: 15,9 x 12 x 7 cm<br>1800 ml: 19,5 \u00d7 14,8 \u00d7 8 cm<br>3000 ml: 23,61 \u00d7 8,4 \u00d7 90 cm<\/li>\n<\/ul>\n<\/div>\n\n\n\n<div class=\"wp-block-column is-layout-flow wp-block-column-is-layout-flow\">\n<h3 class=\"wp-block-heading\">Op\u00e7\u00f5es de recipientes para alimentos personalizados\uff1a<\/h3>\n\n\n\n<p>Eleve o seu neg\u00f3cio de catering com as nossas op\u00e7\u00f5es de personaliza\u00e7\u00e3o ilimitadas e designs inovadores.<\/p>\n\n\n\n<p><strong>Materiais: <\/strong>ss304\/ss201<br><strong>Embalagem:<\/strong> Caixa de cart\u00e3o\/caixa colorida<br><strong>Tamanho: <\/strong>700 ml\/1200 ml\/1900 ml\/1000 ml\/1800 ml\/3000 ml<br><strong><a href=\"https:\/\/www.chancescook.com\/pt\/custom-cookware\/\" target=\"_blank\" rel=\"noreferrer noopener\">Solu\u00e7\u00f5es personalizadas OEM e ODM<\/a><\/strong><\/p>\n<\/div>\n<\/div>\n\n\n\n<figure class=\"wp-block-image size-full\"><img decoding=\"async\" width=\"1135\" height=\"382\" src=\"https:\/\/www.chancescook.com\/wp-content\/uploads\/2025\/11\/Custom-Food-Storage-Containers-Size.webp\" alt=\"Recipientes personalizados para armazenamento de alimentos Tamanho\" class=\"wp-image-5573\" srcset=\"https:\/\/www.chancescook.com\/wp-content\/uploads\/2025\/11\/Custom-Food-Storage-Containers-Size.webp 1135w, https:\/\/www.chancescook.com\/wp-content\/uploads\/2025\/11\/Custom-Food-Storage-Containers-Size-300x101.webp 300w, https:\/\/www.chancescook.com\/wp-content\/uploads\/2025\/11\/Custom-Food-Storage-Containers-Size-768x258.webp 768w, https:\/\/www.chancescook.com\/wp-content\/uploads\/2025\/11\/Custom-Food-Storage-Containers-Size-18x6.webp 18w, https:\/\/www.chancescook.com\/wp-content\/uploads\/2025\/11\/Custom-Food-Storage-Containers-Size-285x96.webp 285w, https:\/\/www.chancescook.com\/wp-content\/uploads\/2025\/11\/Custom-Food-Storage-Containers-Size-660x222.webp 660w, https:\/\/www.chancescook.com\/wp-content\/uploads\/2025\/11\/Custom-Food-Storage-Containers-Size-150x50.webp 150w\" sizes=\"(max-width: 1135px) 100vw, 1135px\" \/><\/figure>\n\n\n\n<div class=\"wp-block-columns is-layout-flex wp-container-core-columns-is-layout-9d6595d7 wp-block-columns-is-layout-flex\">\n<div class=\"wp-block-column is-layout-flow wp-block-column-is-layout-flow\">\n<figure class=\"wp-block-image size-full\"><img decoding=\"async\" width=\"2364\" height=\"1665\" src=\"https:\/\/www.chancescook.com\/wp-content\/uploads\/2025\/11\/Custom-Food-Storage-Containers-Wholesaler-chancescook-1.webp\" alt=\"\" class=\"wp-image-5574\" srcset=\"https:\/\/www.chancescook.com\/wp-content\/uploads\/2025\/11\/Custom-Food-Storage-Containers-Wholesaler-chancescook-1.webp 2364w, https:\/\/www.chancescook.com\/wp-content\/uploads\/2025\/11\/Custom-Food-Storage-Containers-Wholesaler-chancescook-1-300x211.webp 300w, https:\/\/www.chancescook.com\/wp-content\/uploads\/2025\/11\/Custom-Food-Storage-Containers-Wholesaler-chancescook-1-768x541.webp 768w, https:\/\/www.chancescook.com\/wp-content\/uploads\/2025\/11\/Custom-Food-Storage-Containers-Wholesaler-chancescook-1-18x12.webp 18w, https:\/\/www.chancescook.com\/wp-content\/uploads\/2025\/11\/Custom-Food-Storage-Containers-Wholesaler-chancescook-1-285x201.webp 285w, https:\/\/www.chancescook.com\/wp-content\/uploads\/2025\/11\/Custom-Food-Storage-Containers-Wholesaler-chancescook-1-1600x1127.webp 1600w, https:\/\/www.chancescook.com\/wp-content\/uploads\/2025\/11\/Custom-Food-Storage-Containers-Wholesaler-chancescook-1-660x465.webp 660w, https:\/\/www.chancescook.com\/wp-content\/uploads\/2025\/11\/Custom-Food-Storage-Containers-Wholesaler-chancescook-1-150x106.webp 150w\" sizes=\"(max-width: 2364px) 100vw, 2364px\" \/><\/figure>\n<\/div>\n\n\n\n<div class=\"wp-block-column is-layout-flow wp-block-column-is-layout-flow\">\n<figure class=\"wp-block-image size-full\"><img decoding=\"async\" width=\"2048\" height=\"1463\" src=\"https:\/\/www.chancescook.com\/wp-content\/uploads\/2025\/11\/Custom-Food-Storage-Containers-Wholesaler-chancescook-2.webp\" alt=\"Atacadista de recipientes personalizados para armazenamento de alimentos - chancescook (2)\" class=\"wp-image-5575\" srcset=\"https:\/\/www.chancescook.com\/wp-content\/uploads\/2025\/11\/Custom-Food-Storage-Containers-Wholesaler-chancescook-2.webp 2048w, https:\/\/www.chancescook.com\/wp-content\/uploads\/2025\/11\/Custom-Food-Storage-Containers-Wholesaler-chancescook-2-300x214.webp 300w, https:\/\/www.chancescook.com\/wp-content\/uploads\/2025\/11\/Custom-Food-Storage-Containers-Wholesaler-chancescook-2-768x549.webp 768w, https:\/\/www.chancescook.com\/wp-content\/uploads\/2025\/11\/Custom-Food-Storage-Containers-Wholesaler-chancescook-2-18x12.webp 18w, https:\/\/www.chancescook.com\/wp-content\/uploads\/2025\/11\/Custom-Food-Storage-Containers-Wholesaler-chancescook-2-285x204.webp 285w, https:\/\/www.chancescook.com\/wp-content\/uploads\/2025\/11\/Custom-Food-Storage-Containers-Wholesaler-chancescook-2-1600x1143.webp 1600w, https:\/\/www.chancescook.com\/wp-content\/uploads\/2025\/11\/Custom-Food-Storage-Containers-Wholesaler-chancescook-2-660x471.webp 660w, https:\/\/www.chancescook.com\/wp-content\/uploads\/2025\/11\/Custom-Food-Storage-Containers-Wholesaler-chancescook-2-150x107.webp 150w\" sizes=\"(max-width: 2048px) 100vw, 2048px\" \/><\/figure>\n<\/div>\n<\/div>","protected":false},"excerpt":{"rendered":"<p>Os recipientes personalizados para armazenamento de alimentos da Chance oferecem armazenamento vers\u00e1til em a\u00e7o inoxid\u00e1vel com veda\u00e7\u00e3o avan\u00e7ada e uso seguro no micro-ondas. Ideais para refei\u00e7\u00f5es e sobras, oferecemos pre\u00e7os de f\u00e1brica por grosso, amostras gr\u00e1tis e personaliza\u00e7\u00e3o completa para compradores globais.<\/p>\n<h3>Carater\u00edsticas e vantagens dos recipientes de armazenagem de alimentos<\/h3>\n<ul>\n<li><strong>Tecnologia avan\u00e7ada de veda\u00e7\u00e3o:<\/strong> inclui um anel de veda\u00e7\u00e3o de silicone personalizado para proporcionar um fecho herm\u00e9tico, garantindo a perfeita preserva\u00e7\u00e3o da frescura, sabor e nutrientes dos alimentos. \u00c9 muito procurado pelos compradores de recipientes personalizados para armazenamento de alimentos por grosso.<\/li>\n<li><strong>Design adequado para micro-ondas:<\/strong> Reaque\u00e7a os alimentos com seguran\u00e7a no micro-ondas (sem tampa), adicionando mais flexibilidade \u00e0s tarefas di\u00e1rias relacionadas com alimentos e tornando este produto ideal para recipientes personalizados para armazenamento de alimentos por grosso.<\/li>\n<li><strong><b>Aplica\u00e7\u00f5es vers\u00e1teis: <\/b><\/strong>Desde sobras e marinados at\u00e9 \u00e0 prepara\u00e7\u00e3o de refei\u00e7\u00f5es ou mesmo levar as suas refei\u00e7\u00f5es consigo, as possibilidades s\u00e3o infinitas.<\/li>\n<li><strong>Ampla resist\u00eancia \u00e0 temperatura:<\/strong> Concebido para resistir a uma ampla gama de temperaturas, adequado para frigor\u00edficos, congeladores e fornos \u2013 com a tampa removida.<\/li>\n<li><strong>F\u00e1cil de limpar:<\/strong> Tanto a base em a\u00e7o inoxid\u00e1vel como a tampa em vidro podem ser lavadas na m\u00e1quina de lavar lou\u00e7a, garantindo uma limpeza f\u00e1cil e uma higiene duradoura.<\/li>\n<li><strong>Design elegante e pr\u00e1tico:<\/strong> Apresenta um visual elegante e moderno com uma tampa transparente, permitindo f\u00e1cil visibilidade do conte\u00fado e contribuindo para a est\u00e9tica da sua cozinha.<\/li>\n<\/ul>\n<p><strong>Pronto para encomendar?<\/strong> Para estes excelentes recipientes de armazenamento de alimentos, temos op\u00e7\u00f5es de venda por grosso dispon\u00edveis. Contacte-nos hoje mesmo para personalizar a sua encomenda e levar as suas op\u00e7\u00f5es de armazenamento de alimentos para o pr\u00f3ximo n\u00edvel.<\/p>","protected":false},"featured_media":5803,"comment_status":"closed","ping_status":"closed","template":"","meta":{"_acf_changed":false},"product_brand":[],"product_cat":[56],"product_tag":[],"class_list":{"0":"post-5572","1":"product","2":"type-product","3":"status-publish","4":"has-post-thumbnail","6":"product_cat-wholesale-kitchen-utensils","8":"first","9":"instock","10":"shipping-taxable","11":"product-type-simple"},"acf":[],"_links":{"self":[{"href":"https:\/\/www.chancescook.com\/pt\/wp-json\/wp\/v2\/product\/5572","targetHints":{"allow":["GET"]}}],"collection":[{"href":"https:\/\/www.chancescook.com\/pt\/wp-json\/wp\/v2\/product"}],"about":[{"href":"https:\/\/www.chancescook.com\/pt\/wp-json\/wp\/v2\/types\/product"}],"replies":[{"embeddable":true,"href":"https:\/\/www.chancescook.com\/pt\/wp-json\/wp\/v2\/comments?post=5572"}],"wp:featuredmedia":[{"embeddable":true,"href":"https:\/\/www.chancescook.com\/pt\/wp-json\/wp\/v2\/media\/5803"}],"wp:attachment":[{"href":"https:\/\/www.chancescook.com\/pt\/wp-json\/wp\/v2\/media?parent=5572"}],"wp:term":[{"taxonomy":"product_brand","embeddable":true,"href":"https:\/\/www.chancescook.com\/pt\/wp-json\/wp\/v2\/product_brand?post=5572"},{"taxonomy":"product_cat","embeddable":true,"href":"https:\/\/www.chancescook.com\/pt\/wp-json\/wp\/v2\/product_cat?post=5572"},{"taxonomy":"product_tag","embeddable":true,"href":"https:\/\/www.chancescook.com\/pt\/wp-json\/wp\/v2\/product_tag?post=5572"}],"curies":[{"name":"wp","href":"https:\/\/api.w.org\/{rel}","templated":true}]}}