{"id":5580,"date":"2025-11-15T08:52:43","date_gmt":"2025-11-15T08:52:43","guid":{"rendered":"https:\/\/www.chancescook.com\/?post_type=product&#038;p=5580"},"modified":"2025-12-22T09:28:57","modified_gmt":"2025-12-22T09:28:57","slug":"bulk-food-storage-containers-supplier","status":"publish","type":"product","link":"https:\/\/www.chancescook.com\/pt\/produto\/bulk-food-storage-containers-supplier\/","title":{"rendered":"China Recipientes de Armazenamento de Alimentos a Granel, Caixa de Armazenamento no Frigor\u00edfico, Fabricante de Recipientes de Prepara\u00e7\u00e3o de Refei\u00e7\u00f5es"},"content":{"rendered":"<div class=\"wp-block-columns is-layout-flex wp-container-core-columns-is-layout-9d6595d7 wp-block-columns-is-layout-flex\">\n<div class=\"wp-block-column is-layout-flow wp-block-column-is-layout-flow\">\n<h3 class=\"wp-block-heading\">Recipientes de armazenamento de alimentos a granel Par\u00e2metros:<\/h3>\n\n\n\n<ul class=\"wp-block-list\">\n<li><strong>N\u00famero do modelo:<\/strong> ch5<\/li>\n\n\n\n<li><strong>Nome:<\/strong> Caixa de fus\u00edveis<\/li>\n\n\n\n<li><strong>Estilo: <\/strong>escuro\/claro<\/li>\n\n\n\n<li><strong>Material: <\/strong>A\u00e7o inoxid\u00e1vel 201\/304<\/li>\n\n\n\n<li><strong>Tampa: <\/strong>vidro+silicone<\/li>\n\n\n\n<li><strong>Capacidade:<\/strong> 700ml-3000ml<\/li>\n\n\n\n<li><strong>Cor:<\/strong> branco leitoso\/prata<\/li>\n\n\n\n<li><strong>Superf\u00edcie:<\/strong> polido\/eletrol\u00edtico<\/li>\n\n\n\n<li><strong>Log\u00f3tipo: <\/strong>personaliz\u00e1vel<\/li>\n\n\n\n<li><strong>QUANTIDADE M\u00c1XIMA DE ENCOMENDA<\/strong>\uff1a100pcs<\/li>\n<\/ul>\n<\/div>\n\n\n\n<div class=\"wp-block-column is-layout-flow wp-block-column-is-layout-flow\">\n<h3 class=\"wp-block-heading\">Op\u00e7\u00f5es de recipientes para alimentos personalizados\uff1a<\/h3>\n\n\n\n<p>Eleve o seu neg\u00f3cio de catering com as nossas op\u00e7\u00f5es de personaliza\u00e7\u00e3o ilimitadas e designs inovadores.<\/p>\n\n\n\n<p><strong>Log\u00f3tipo:<\/strong> Personalize o log\u00f3tipo da sua marca<br><strong>Embalagem:<\/strong> cor da caixa\/caixa de cart\u00e3o, etc.<br>Quantidade de encomenda 1000 pcs<br><strong><a href=\"https:\/\/www.chancescook.com\/pt\/custom-cookware\/\" target=\"_blank\" rel=\"noreferrer noopener\">Solu\u00e7\u00f5es personalizadas OEM e ODM<\/a><\/strong><\/p>\n<\/div>\n<\/div>\n\n\n\n<div class=\"wp-block-columns is-layout-flex wp-container-core-columns-is-layout-9d6595d7 wp-block-columns-is-layout-flex\">\n<div class=\"wp-block-column is-layout-flow wp-block-column-is-layout-flow\">\n<figure class=\"wp-block-image size-full\"><img decoding=\"async\" width=\"800\" height=\"800\" src=\"https:\/\/www.chancescook.com\/wp-content\/uploads\/2025\/11\/kitchenware-factory-bulk-food-storage-container-supplies.\uff083\uff09.webp\" alt=\"artigos de cozinha-f\u00e1brica-bulk-food-storage-container-supplies.\uff083\uff09\" class=\"wp-image-5582\" srcset=\"https:\/\/www.chancescook.com\/wp-content\/uploads\/2025\/11\/kitchenware-factory-bulk-food-storage-container-supplies.\uff083\uff09.webp 800w, https:\/\/www.chancescook.com\/wp-content\/uploads\/2025\/11\/kitchenware-factory-bulk-food-storage-container-supplies.\uff083\uff09-300x300.webp 300w, https:\/\/www.chancescook.com\/wp-content\/uploads\/2025\/11\/kitchenware-factory-bulk-food-storage-container-supplies.\uff083\uff09-150x150.webp 150w, https:\/\/www.chancescook.com\/wp-content\/uploads\/2025\/11\/kitchenware-factory-bulk-food-storage-container-supplies.\uff083\uff09-768x768.webp 768w, https:\/\/www.chancescook.com\/wp-content\/uploads\/2025\/11\/kitchenware-factory-bulk-food-storage-container-supplies.\uff083\uff09-12x12.webp 12w, https:\/\/www.chancescook.com\/wp-content\/uploads\/2025\/11\/kitchenware-factory-bulk-food-storage-container-supplies.\uff083\uff09-285x285.webp 285w, https:\/\/www.chancescook.com\/wp-content\/uploads\/2025\/11\/kitchenware-factory-bulk-food-storage-container-supplies.\uff083\uff09-270x270.webp 270w, https:\/\/www.chancescook.com\/wp-content\/uploads\/2025\/11\/kitchenware-factory-bulk-food-storage-container-supplies.\uff083\uff09-540x540.webp 540w, https:\/\/www.chancescook.com\/wp-content\/uploads\/2025\/11\/kitchenware-factory-bulk-food-storage-container-supplies.\uff083\uff09-660x660.webp 660w\" sizes=\"(max-width: 800px) 100vw, 800px\" \/><\/figure>\n<\/div>\n\n\n\n<div class=\"wp-block-column is-layout-flow wp-block-column-is-layout-flow\">\n<figure class=\"wp-block-image size-full\"><img decoding=\"async\" width=\"800\" height=\"800\" src=\"https:\/\/www.chancescook.com\/wp-content\/uploads\/2025\/11\/bulk-food-storage-containers-supplier\uff084\uff09.webp\" alt=\"fornecedor de contentores de armazenamento de alimentos a granel\uff084\uff09\" class=\"wp-image-5581\" srcset=\"https:\/\/www.chancescook.com\/wp-content\/uploads\/2025\/11\/bulk-food-storage-containers-supplier\uff084\uff09.webp 800w, https:\/\/www.chancescook.com\/wp-content\/uploads\/2025\/11\/bulk-food-storage-containers-supplier\uff084\uff09-300x300.webp 300w, https:\/\/www.chancescook.com\/wp-content\/uploads\/2025\/11\/bulk-food-storage-containers-supplier\uff084\uff09-150x150.webp 150w, https:\/\/www.chancescook.com\/wp-content\/uploads\/2025\/11\/bulk-food-storage-containers-supplier\uff084\uff09-768x768.webp 768w, https:\/\/www.chancescook.com\/wp-content\/uploads\/2025\/11\/bulk-food-storage-containers-supplier\uff084\uff09-12x12.webp 12w, https:\/\/www.chancescook.com\/wp-content\/uploads\/2025\/11\/bulk-food-storage-containers-supplier\uff084\uff09-285x285.webp 285w, https:\/\/www.chancescook.com\/wp-content\/uploads\/2025\/11\/bulk-food-storage-containers-supplier\uff084\uff09-270x270.webp 270w, https:\/\/www.chancescook.com\/wp-content\/uploads\/2025\/11\/bulk-food-storage-containers-supplier\uff084\uff09-540x540.webp 540w, https:\/\/www.chancescook.com\/wp-content\/uploads\/2025\/11\/bulk-food-storage-containers-supplier\uff084\uff09-660x660.webp 660w\" sizes=\"(max-width: 800px) 100vw, 800px\" \/><\/figure>\n<\/div>\n<\/div>\n\n\n\n<p><\/p>","protected":false},"excerpt":{"rendered":"<p>Como um dos principais fabricantes de recipientes de armazenamento de alimentos na China, oferecemos uma vasta gama de recipientes de armazenamento de alimentos a granel de qualidade superior que satisfazem perfeitamente quaisquer necessidades de armazenamento na cozinha e no com\u00e9rcio. Fabricados com a\u00e7o inoxid\u00e1vel 304 de qualidade alimentar e revestidos com cer\u00e2mica de alta temperatura, estes recipientes s\u00e3o extremamente duradouros e podem garantir seguran\u00e7a e um desempenho prolongado. Concebidos para utiliza\u00e7\u00e3o no congelador, frigor\u00edfico e micro-ondas, s\u00e3o vers\u00e1teis - suficientes para preparar refei\u00e7\u00f5es, armazenar todos os dias e para conveni\u00eancia em viagem. Oferecendo pre\u00e7os grossistas competitivos e apoio fi\u00e1vel para encomendas a granel, os nossos recipientes de armazenamento de alimentos a granel s\u00e3o ideais para marcas que procuram uma qualidade fi\u00e1vel com op\u00e7\u00f5es de personaliza\u00e7\u00e3o.<\/p>\n<h3>Carater\u00edsticas e vantagens dos recipientes de armazenagem de alimentos<\/h3>\n<ul>\n<li><strong>Utiliza\u00e7\u00e3o polivalente:<\/strong> \u00c9 muito adequado para armazenar diferentes tipos de alimentos, como legumes, pratos principais, alimentos cozinhados, alimentos em conserva e semelhantes. F\u00e1cil de utilizar e limpar, este recipiente destina-se a recipientes de armazenamento de alimentos a granel em cozinhas dom\u00e9sticas e locais de servi\u00e7os alimentares comerciais.<\/li>\n<li><strong>Armazenamento ao ar livre e a longo prazo<\/strong>: A constru\u00e7\u00e3o robusta impede a deforma\u00e7\u00e3o, enquanto o extraordin\u00e1rio desempenho de selagem preserva eficazmente a frescura dos ingredientes. Isto torna-a a solu\u00e7\u00e3o ideal para os consumidores que necessitam de armazenamento a longo prazo ou de portabilidade no exterior.<\/li>\n<li><strong>Tampa \u00e0 prova de odores:<\/strong> Inclui uma tampa anti-odor incorporada para evitar a sa\u00edda de odores fortes, deixando os frigor\u00edficos ou as despensas limpos e sem odores.<\/li>\n<li><strong>Tampa de vidro transparente resistente a estilha\u00e7os:<\/strong> Fabricado em vidro temperado de qualidade superior, o material \u00e9 resistente ao calor e \u00e0 prova de estilha\u00e7os. Permite uma observa\u00e7\u00e3o clara dos alimentos durante o aquecimento, para maior seguran\u00e7a e comodidade.<\/li>\n<li><strong>Revestimento exterior resistente ao calor:<\/strong> A camada exterior \u00e9 tratada com tinta resistente a altas temperaturas, que resiste \u00e0 descama\u00e7\u00e3o e \u00e0 fissura\u00e7\u00e3o. Pode manter a sua estabilidade de cor e longevidade mesmo ap\u00f3s um aquecimento muito frequente.<\/li>\n<li><strong>Cremalheira separadora de \u00f3leo opcional:<\/strong> A grelha de separa\u00e7\u00e3o \u00f3leo-\u00e1gua opcional ajuda a remover eficazmente a gordura superficial e a humidade dos alimentos, tornando os pratos mais saud\u00e1veis e mantendo o sabor.<\/li>\n<li><strong>Design para lancheiras de tamanho adulto:<\/strong> A grande capacidade \u00e9 adequada para refei\u00e7\u00f5es di\u00e1rias, refei\u00e7\u00f5es de fitness, bento e por\u00e7\u00f5es de diferentes alimentos. A tampa fecha bem com um fecho de press\u00e3o, oferecendo assim um excelente desempenho de veda\u00e7\u00e3o como uma vantagem para melhorar a experi\u00eancia do utilizador de recipientes de armazenamento de alimentos a granel.<\/li>\n<li><strong>Servi\u00e7os de personaliza\u00e7\u00e3o:<\/strong> Oferecemos pre\u00e7os competitivos por grosso para solu\u00e7\u00f5es personalizadas de contentores de armazenamento de alimentos. Contacte-nos hoje para fazer a sua encomenda e atualizar a sua linha de produtos de armazenamento.<\/li>\n<\/ul>","protected":false},"featured_media":5799,"comment_status":"closed","ping_status":"closed","template":"","meta":{"_acf_changed":false},"product_brand":[],"product_cat":[56],"product_tag":[],"class_list":{"0":"post-5580","1":"product","2":"type-product","3":"status-publish","4":"has-post-thumbnail","6":"product_cat-wholesale-kitchen-utensils","8":"first","9":"instock","10":"shipping-taxable","11":"product-type-simple"},"acf":[],"_links":{"self":[{"href":"https:\/\/www.chancescook.com\/pt\/wp-json\/wp\/v2\/product\/5580","targetHints":{"allow":["GET"]}}],"collection":[{"href":"https:\/\/www.chancescook.com\/pt\/wp-json\/wp\/v2\/product"}],"about":[{"href":"https:\/\/www.chancescook.com\/pt\/wp-json\/wp\/v2\/types\/product"}],"replies":[{"embeddable":true,"href":"https:\/\/www.chancescook.com\/pt\/wp-json\/wp\/v2\/comments?post=5580"}],"wp:featuredmedia":[{"embeddable":true,"href":"https:\/\/www.chancescook.com\/pt\/wp-json\/wp\/v2\/media\/5799"}],"wp:attachment":[{"href":"https:\/\/www.chancescook.com\/pt\/wp-json\/wp\/v2\/media?parent=5580"}],"wp:term":[{"taxonomy":"product_brand","embeddable":true,"href":"https:\/\/www.chancescook.com\/pt\/wp-json\/wp\/v2\/product_brand?post=5580"},{"taxonomy":"product_cat","embeddable":true,"href":"https:\/\/www.chancescook.com\/pt\/wp-json\/wp\/v2\/product_cat?post=5580"},{"taxonomy":"product_tag","embeddable":true,"href":"https:\/\/www.chancescook.com\/pt\/wp-json\/wp\/v2\/product_tag?post=5580"}],"curies":[{"name":"wp","href":"https:\/\/api.w.org\/{rel}","templated":true}]}}