{"id":5676,"date":"2025-12-08T03:17:19","date_gmt":"2025-12-08T03:17:19","guid":{"rendered":"https:\/\/www.chancescook.com\/?post_type=product&#038;p=5676"},"modified":"2025-12-08T03:36:11","modified_gmt":"2025-12-08T03:36:11","slug":"custom-stock-pot-stainless-steel","status":"publish","type":"product","link":"https:\/\/www.chancescook.com\/pt\/produto\/custom-stock-pot-stainless-steel\/","title":{"rendered":"Panela personalizada em a\u00e7o inoxid\u00e1vel, fabricante OEM de panelas de sopa com laterais retas"},"content":{"rendered":"<div class=\"wp-block-columns is-layout-flex wp-container-core-columns-is-layout-9d6595d7 wp-block-columns-is-layout-flex\">\n<div class=\"wp-block-column is-layout-flow wp-block-column-is-layout-flow\">\n<h2 class=\"wp-block-heading\">Par\u00e2metros da panela de a\u00e7o inoxid\u00e1vel:<\/h2>\n\n\n\n<ul class=\"wp-block-list\">\n<li><strong>Material:<\/strong> A\u00e7o inoxid\u00e1vel 201\/304<\/li>\n\n\n\n<li><strong>Espessura normal:<\/strong> 0,5 mm<\/li>\n\n\n\n<li><strong>Tamanho:<\/strong> 20\/22\/24\/26 cm<\/li>\n\n\n\n<li><strong>Cor:<\/strong> Prata<\/li>\n<\/ul>\n<\/div>\n\n\n\n<div class=\"wp-block-column is-layout-flow wp-block-column-is-layout-flow\">\n<h2 class=\"wp-block-heading\">Op\u00e7\u00f5es personalizadas para panelas:<\/h2>\n\n\n\n<ul class=\"wp-block-list\">\n<li><strong>Log\u00f3tipo:<\/strong> Personaliz\u00e1vel com o log\u00f3tipo da sua marca<\/li>\n\n\n\n<li><strong>Cor: <\/strong>Personaliz\u00e1vel<\/li>\n\n\n\n<li><strong>Embalagem:<\/strong> Caixa de cor\/caixa de cart\u00e3o, etc<\/li>\n\n\n\n<li><strong>Pega:<\/strong> Pega para se adaptar ao seu estilo<\/li>\n<\/ul>\n<\/div>\n<\/div>\n\n\n\n<div class=\"wp-block-columns is-layout-flex wp-container-core-columns-is-layout-9d6595d7 wp-block-columns-is-layout-flex\">\n<div class=\"wp-block-column is-layout-flow wp-block-column-is-layout-flow\">\n<figure class=\"wp-block-image size-full\"><img decoding=\"async\" width=\"2048\" height=\"1932\" src=\"https:\/\/www.chancescook.com\/wp-content\/uploads\/2025\/12\/Custom-Stock-Pot-Stainless-Steel-Straight-sided-Soup-Pot-Manufacturer-2_1.webp\" alt=\"Fabricante de panelas de sopa de a\u00e7o inoxid\u00e1vel com laterais retas personalizadas (2)_1\" class=\"wp-image-5680\" srcset=\"https:\/\/www.chancescook.com\/wp-content\/uploads\/2025\/12\/Custom-Stock-Pot-Stainless-Steel-Straight-sided-Soup-Pot-Manufacturer-2_1.webp 2048w, https:\/\/www.chancescook.com\/wp-content\/uploads\/2025\/12\/Custom-Stock-Pot-Stainless-Steel-Straight-sided-Soup-Pot-Manufacturer-2_1-300x283.webp 300w, https:\/\/www.chancescook.com\/wp-content\/uploads\/2025\/12\/Custom-Stock-Pot-Stainless-Steel-Straight-sided-Soup-Pot-Manufacturer-2_1-768x725.webp 768w, https:\/\/www.chancescook.com\/wp-content\/uploads\/2025\/12\/Custom-Stock-Pot-Stainless-Steel-Straight-sided-Soup-Pot-Manufacturer-2_1-13x12.webp 13w, https:\/\/www.chancescook.com\/wp-content\/uploads\/2025\/12\/Custom-Stock-Pot-Stainless-Steel-Straight-sided-Soup-Pot-Manufacturer-2_1-285x269.webp 285w, https:\/\/www.chancescook.com\/wp-content\/uploads\/2025\/12\/Custom-Stock-Pot-Stainless-Steel-Straight-sided-Soup-Pot-Manufacturer-2_1-1600x1509.webp 1600w, https:\/\/www.chancescook.com\/wp-content\/uploads\/2025\/12\/Custom-Stock-Pot-Stainless-Steel-Straight-sided-Soup-Pot-Manufacturer-2_1-660x623.webp 660w, https:\/\/www.chancescook.com\/wp-content\/uploads\/2025\/12\/Custom-Stock-Pot-Stainless-Steel-Straight-sided-Soup-Pot-Manufacturer-2_1-150x142.webp 150w\" sizes=\"(max-width: 2048px) 100vw, 2048px\" \/><\/figure>\n<\/div>\n\n\n\n<div class=\"wp-block-column is-layout-flow wp-block-column-is-layout-flow\">\n<figure class=\"wp-block-image size-full\"><img decoding=\"async\" width=\"2044\" height=\"1928\" src=\"https:\/\/www.chancescook.com\/wp-content\/uploads\/2025\/12\/Custom-Stock-Pot-Stainless-Steel-Straight-sided-Soup-Pot-Manufacturer-1_1.webp\" alt=\"Fabricante de panelas de sopa de a\u00e7o inoxid\u00e1vel com laterais retas personalizadas (1)_1\" class=\"wp-image-5678\" srcset=\"https:\/\/www.chancescook.com\/wp-content\/uploads\/2025\/12\/Custom-Stock-Pot-Stainless-Steel-Straight-sided-Soup-Pot-Manufacturer-1_1.webp 2044w, https:\/\/www.chancescook.com\/wp-content\/uploads\/2025\/12\/Custom-Stock-Pot-Stainless-Steel-Straight-sided-Soup-Pot-Manufacturer-1_1-300x283.webp 300w, https:\/\/www.chancescook.com\/wp-content\/uploads\/2025\/12\/Custom-Stock-Pot-Stainless-Steel-Straight-sided-Soup-Pot-Manufacturer-1_1-768x724.webp 768w, https:\/\/www.chancescook.com\/wp-content\/uploads\/2025\/12\/Custom-Stock-Pot-Stainless-Steel-Straight-sided-Soup-Pot-Manufacturer-1_1-13x12.webp 13w, https:\/\/www.chancescook.com\/wp-content\/uploads\/2025\/12\/Custom-Stock-Pot-Stainless-Steel-Straight-sided-Soup-Pot-Manufacturer-1_1-285x269.webp 285w, https:\/\/www.chancescook.com\/wp-content\/uploads\/2025\/12\/Custom-Stock-Pot-Stainless-Steel-Straight-sided-Soup-Pot-Manufacturer-1_1-1600x1509.webp 1600w, https:\/\/www.chancescook.com\/wp-content\/uploads\/2025\/12\/Custom-Stock-Pot-Stainless-Steel-Straight-sided-Soup-Pot-Manufacturer-1_1-660x623.webp 660w, https:\/\/www.chancescook.com\/wp-content\/uploads\/2025\/12\/Custom-Stock-Pot-Stainless-Steel-Straight-sided-Soup-Pot-Manufacturer-1_1-150x141.webp 150w\" sizes=\"(max-width: 2044px) 100vw, 2044px\" \/><\/figure>\n<\/div>\n<\/div>","protected":false},"excerpt":{"rendered":"<p>A nossa panela de a\u00e7o inoxid\u00e1vel personalizada apresenta uma estrutura resistente com lados retos, fundo multicamadas, al\u00e7as rebitadas e personaliza\u00e7\u00e3o OEM\/ODM, tornando-a ideal para cozinhas dom\u00e9sticas, restaurantes e encomendas internacionais por grosso. A Chancescook \u00e9 uma empresa fi\u00e1vel. <a href=\"https:\/\/www.chancescook.com\/pt\/about-chances\/\"><strong>fabricante de utens\u00edlios de cozinha<\/strong><\/a> Oferecendo pre\u00e7os diretos de f\u00e1brica e personaliza\u00e7\u00e3o OEM completa. Entre em contacto connosco para obter o melhor or\u00e7amento do seu fabricante de utens\u00edlios de cozinha de confian\u00e7a.<\/p>\n<h2><strong><b>Caracter\u00edsticas e vantagens da panela de a\u00e7o inoxid\u00e1vel:<\/b><\/strong><\/h2>\n<ul>\n<li><strong>Constru\u00e7\u00e3o em a\u00e7o inoxid\u00e1vel de alta qualidade:<\/strong> A panela inteira \u00e9 fabricada em a\u00e7o inoxid\u00e1vel de qualidade alimentar, resistente \u00e0 corros\u00e3o e a altas temperaturas, sendo dur\u00e1vel para garantir seguran\u00e7a e estabilidade no cozimento di\u00e1rio.<\/li>\n<li><strong>Design com lados retos:<\/strong> O design vertical das paredes da panela aumenta a capacidade efetiva, tornando-a ideal para cozinhar grandes volumes e para cozinhas dom\u00e9sticas, catering, distribui\u00e7\u00e3o e cen\u00e1rios de venda por grosso.<\/li>\n<li><strong>Fundo igualmente condutor:<\/strong> A estrutura inferior composta por v\u00e1rias camadas acelera a condu\u00e7\u00e3o e reten\u00e7\u00e3o de calor, tornando o cozimento e a fervura mais eficientes em termos energ\u00e9ticos e reduzindo o tempo de cozimento.<\/li>\n<li><strong>Em conformidade com os requisitos de produ\u00e7\u00e3o OEM\/ODM de f\u00e1brica:<\/strong> A personaliza\u00e7\u00e3o total das dimens\u00f5es, espessura, acabamento escovado, m\u00e9todo de polimento e estilo da al\u00e7a pode ser feita de acordo com os requisitos do cliente para panelas de a\u00e7o inoxid\u00e1vel personalizadas.<\/li>\n<li><strong>Estrutura robusta com pega rebitada:<\/strong> Equipada com uma pega refor\u00e7ada e rebitada, a panela garante estabilidade durante a cozedura de grandes quantidades e \u00e9 resistente ao calor, facilitando o manuseamento.<\/li>\n<li><strong>Tampa transparente opcional:<\/strong> As tampas de a\u00e7o ou vidro atendem \u00e0s necessidades de diferentes mercados, melhoram o apelo do produto e ampliam a aplicabilidade.<\/li>\n<li><strong>Panela multifuncional para fog\u00f5es a g\u00e1s, indu\u00e7\u00e3o e vitrocer\u00e2micos:<\/strong> Devido \u00e0 sua compatibilidade com a maioria dos m\u00e9todos de aquecimento de fog\u00f5es, este utens\u00edlio de cozinha \u00e9 amplamente aplic\u00e1vel em muitas cozinhas dom\u00e9sticas e comerciais.<\/li>\n<li><strong>\u00c9 adequado para o com\u00e9rcio grossista internacional:<\/strong> Como uma f\u00e1brica OEM profissional, podemos oferecer aos clientes embalagens completas da marca, personaliza\u00e7\u00e3o de par\u00e2metros e produ\u00e7\u00e3o em massa para atender \u00e0 demanda global de fornecimento e melhorar ainda mais a competitividade dos produtos personalizados de a\u00e7o inoxid\u00e1vel para panelas.<\/li>\n<\/ul>","protected":false},"featured_media":5677,"comment_status":"closed","ping_status":"closed","template":"","meta":{"_acf_changed":false},"product_brand":[],"product_cat":[52,63],"product_tag":[],"class_list":{"0":"post-5676","1":"product","2":"type-product","3":"status-publish","4":"has-post-thumbnail","6":"product_cat-cookware-wholesale","7":"product_cat-stock-pot-wholesale","9":"first","10":"instock","11":"shipping-taxable","12":"product-type-simple"},"acf":[],"_links":{"self":[{"href":"https:\/\/www.chancescook.com\/pt\/wp-json\/wp\/v2\/product\/5676","targetHints":{"allow":["GET"]}}],"collection":[{"href":"https:\/\/www.chancescook.com\/pt\/wp-json\/wp\/v2\/product"}],"about":[{"href":"https:\/\/www.chancescook.com\/pt\/wp-json\/wp\/v2\/types\/product"}],"replies":[{"embeddable":true,"href":"https:\/\/www.chancescook.com\/pt\/wp-json\/wp\/v2\/comments?post=5676"}],"wp:featuredmedia":[{"embeddable":true,"href":"https:\/\/www.chancescook.com\/pt\/wp-json\/wp\/v2\/media\/5677"}],"wp:attachment":[{"href":"https:\/\/www.chancescook.com\/pt\/wp-json\/wp\/v2\/media?parent=5676"}],"wp:term":[{"taxonomy":"product_brand","embeddable":true,"href":"https:\/\/www.chancescook.com\/pt\/wp-json\/wp\/v2\/product_brand?post=5676"},{"taxonomy":"product_cat","embeddable":true,"href":"https:\/\/www.chancescook.com\/pt\/wp-json\/wp\/v2\/product_cat?post=5676"},{"taxonomy":"product_tag","embeddable":true,"href":"https:\/\/www.chancescook.com\/pt\/wp-json\/wp\/v2\/product_tag?post=5676"}],"curies":[{"name":"wp","href":"https:\/\/api.w.org\/{rel}","templated":true}]}}