{"id":5681,"date":"2025-12-08T03:43:20","date_gmt":"2025-12-08T03:43:20","guid":{"rendered":"https:\/\/www.chancescook.com\/?post_type=product&#038;p=5681"},"modified":"2026-03-24T08:47:37","modified_gmt":"2026-03-24T08:47:37","slug":"stainless-steel-stock-pot-set-wholesale","status":"publish","type":"product","link":"https:\/\/www.chancescook.com\/pt\/produto\/stainless-steel-stock-pot-set-wholesale\/","title":{"rendered":"Conjunto de panelas de a\u00e7o inoxid\u00e1vel por atacado, fabricante de conjunto de 6 panelas de cozinha com laterais retas"},"content":{"rendered":"<div class=\"wp-block-columns is-layout-flex wp-container-core-columns-is-layout-9d6595d7 wp-block-columns-is-layout-flex\">\n<div class=\"wp-block-column is-layout-flow wp-block-column-is-layout-flow\">\n<h2 class=\"wp-block-heading\">Par\u00e2metros do conjunto de panelas de a\u00e7o inoxid\u00e1vel:<\/h2>\n\n\n\n<ul class=\"wp-block-list\">\n<li><strong>Material: <\/strong>a\u00e7o inoxid\u00e1vel<\/li>\n\n\n\n<li><strong>Espessura normal<\/strong>:0,5 mm<\/li>\n\n\n\n<li><strong>Tampa: <\/strong>Tampas de vidro<\/li>\n\n\n\n<li><strong>Fundo:<\/strong>Fundo sandu\u00edche de indu\u00e7\u00e3o (SUS+2mm Alu+SUS)<\/li>\n\n\n\n<li><strong>Log\u00f3tipo: <\/strong>serigrafia\/grava\u00e7\u00e3o a laser\/carimbo em relevo<\/li>\n\n\n\n<li><strong>Pega e bot\u00e3o da tampa: <\/strong>A\u00e7o inoxid\u00e1vel<\/li>\n\n\n\n<li><strong>Incluir: <\/strong>Leiteira, panela de sopa, frigideira<\/li>\n\n\n\n<li><strong>Tamanho do pote de leite:<\/strong>16 cm<\/li>\n\n\n\n<li><strong>Panela de sopa:<\/strong>20\/24 cm<\/li>\n\n\n\n<li><strong>MOQ:<\/strong>1000 conjuntos<\/li>\n<\/ul>\n<\/div>\n\n\n\n<div class=\"wp-block-column is-layout-flow wp-block-column-is-layout-flow\">\n<h2 class=\"wp-block-heading\">Op\u00e7\u00f5es personalizadas para conjuntos de panelas de a\u00e7o inoxid\u00e1vel:<\/h2>\n\n\n\n<p>Eleve o seu neg\u00f3cio de catering com as nossas op\u00e7\u00f5es de personaliza\u00e7\u00e3o ilimitadas e designs inovadores.<\/p>\n\n\n\n<ul class=\"wp-block-list\">\n<li><strong>Cor<\/strong>: Bege\/Verde\/Rosa<\/li>\n\n\n\n<li><strong>Material: <\/strong>A\u00e7o inoxid\u00e1vel SUS#201\/304\/410\/430<\/li>\n\n\n\n<li>Pega para se adaptar ao seu estilo<\/li>\n\n\n\n<li><strong>Log\u00f3tipo: <\/strong>Personalize o log\u00f3tipo da sua marca<\/li>\n\n\n\n<li><strong>Embalagem: <\/strong>caixa de cor\/caixa de correio, etc<\/li>\n\n\n\n<li><strong><em><a href=\"https:\/\/www.chancescook.com\/pt\/custom-cookware\/\" data-type=\"page\" data-id=\"2987\">Solu\u00e7\u00f5es personalizadas OEM e ODM<\/a><\/em><\/strong><\/li>\n<\/ul>\n<\/div>\n<\/div>\n\n\n\n<div class=\"wp-block-columns is-layout-flex wp-container-core-columns-is-layout-9d6595d7 wp-block-columns-is-layout-flex\">\n<div class=\"wp-block-column is-layout-flow wp-block-column-is-layout-flow\">\n<figure class=\"wp-block-image size-full\"><img decoding=\"async\" width=\"800\" height=\"800\" src=\"https:\/\/www.chancescook.com\/wp-content\/uploads\/2025\/12\/Stainless-Steel-Stock-Pot-Set-Wholesale-Manufacturer-4.webp\" alt=\"Fabricante grossista de conjuntos de panelas de a\u00e7o inoxid\u00e1vel (4)\" class=\"wp-image-5687\" srcset=\"https:\/\/www.chancescook.com\/wp-content\/uploads\/2025\/12\/Stainless-Steel-Stock-Pot-Set-Wholesale-Manufacturer-4.webp 800w, https:\/\/www.chancescook.com\/wp-content\/uploads\/2025\/12\/Stainless-Steel-Stock-Pot-Set-Wholesale-Manufacturer-4-300x300.webp 300w, https:\/\/www.chancescook.com\/wp-content\/uploads\/2025\/12\/Stainless-Steel-Stock-Pot-Set-Wholesale-Manufacturer-4-150x150.webp 150w, https:\/\/www.chancescook.com\/wp-content\/uploads\/2025\/12\/Stainless-Steel-Stock-Pot-Set-Wholesale-Manufacturer-4-768x768.webp 768w, https:\/\/www.chancescook.com\/wp-content\/uploads\/2025\/12\/Stainless-Steel-Stock-Pot-Set-Wholesale-Manufacturer-4-12x12.webp 12w, https:\/\/www.chancescook.com\/wp-content\/uploads\/2025\/12\/Stainless-Steel-Stock-Pot-Set-Wholesale-Manufacturer-4-285x285.webp 285w, https:\/\/www.chancescook.com\/wp-content\/uploads\/2025\/12\/Stainless-Steel-Stock-Pot-Set-Wholesale-Manufacturer-4-270x270.webp 270w, https:\/\/www.chancescook.com\/wp-content\/uploads\/2025\/12\/Stainless-Steel-Stock-Pot-Set-Wholesale-Manufacturer-4-540x540.webp 540w, https:\/\/www.chancescook.com\/wp-content\/uploads\/2025\/12\/Stainless-Steel-Stock-Pot-Set-Wholesale-Manufacturer-4-660x660.webp 660w\" sizes=\"(max-width: 800px) 100vw, 800px\" \/><\/figure>\n<\/div>\n\n\n\n<div class=\"wp-block-column is-layout-flow wp-block-column-is-layout-flow\">\n<figure class=\"wp-block-image size-full\"><img decoding=\"async\" width=\"800\" height=\"800\" src=\"https:\/\/www.chancescook.com\/wp-content\/uploads\/2025\/12\/Stainless-Steel-Stock-Pot-Set-Wholesale-Manufacturer-1.webp\" alt=\"Fabricante grossista de conjuntos de panelas de a\u00e7o inoxid\u00e1vel (1)\" class=\"wp-image-5685\" srcset=\"https:\/\/www.chancescook.com\/wp-content\/uploads\/2025\/12\/Stainless-Steel-Stock-Pot-Set-Wholesale-Manufacturer-1.webp 800w, https:\/\/www.chancescook.com\/wp-content\/uploads\/2025\/12\/Stainless-Steel-Stock-Pot-Set-Wholesale-Manufacturer-1-300x300.webp 300w, https:\/\/www.chancescook.com\/wp-content\/uploads\/2025\/12\/Stainless-Steel-Stock-Pot-Set-Wholesale-Manufacturer-1-150x150.webp 150w, https:\/\/www.chancescook.com\/wp-content\/uploads\/2025\/12\/Stainless-Steel-Stock-Pot-Set-Wholesale-Manufacturer-1-768x768.webp 768w, https:\/\/www.chancescook.com\/wp-content\/uploads\/2025\/12\/Stainless-Steel-Stock-Pot-Set-Wholesale-Manufacturer-1-12x12.webp 12w, https:\/\/www.chancescook.com\/wp-content\/uploads\/2025\/12\/Stainless-Steel-Stock-Pot-Set-Wholesale-Manufacturer-1-285x285.webp 285w, https:\/\/www.chancescook.com\/wp-content\/uploads\/2025\/12\/Stainless-Steel-Stock-Pot-Set-Wholesale-Manufacturer-1-270x270.webp 270w, https:\/\/www.chancescook.com\/wp-content\/uploads\/2025\/12\/Stainless-Steel-Stock-Pot-Set-Wholesale-Manufacturer-1-540x540.webp 540w, https:\/\/www.chancescook.com\/wp-content\/uploads\/2025\/12\/Stainless-Steel-Stock-Pot-Set-Wholesale-Manufacturer-1-660x660.webp 660w\" sizes=\"(max-width: 800px) 100vw, 800px\" \/><\/figure>\n<\/div>\n\n\n\n<div class=\"wp-block-column is-layout-flow wp-block-column-is-layout-flow\">\n<figure class=\"wp-block-image size-full\"><img decoding=\"async\" width=\"800\" height=\"800\" src=\"https:\/\/www.chancescook.com\/wp-content\/uploads\/2025\/12\/Stainless-Steel-Stock-Pot-Set-Wholesale-Manufacturer-2.webp\" alt=\"Fabricante grossista de conjuntos de panelas de a\u00e7o inoxid\u00e1vel (2)\" class=\"wp-image-5683\" srcset=\"https:\/\/www.chancescook.com\/wp-content\/uploads\/2025\/12\/Stainless-Steel-Stock-Pot-Set-Wholesale-Manufacturer-2.webp 800w, https:\/\/www.chancescook.com\/wp-content\/uploads\/2025\/12\/Stainless-Steel-Stock-Pot-Set-Wholesale-Manufacturer-2-300x300.webp 300w, https:\/\/www.chancescook.com\/wp-content\/uploads\/2025\/12\/Stainless-Steel-Stock-Pot-Set-Wholesale-Manufacturer-2-150x150.webp 150w, https:\/\/www.chancescook.com\/wp-content\/uploads\/2025\/12\/Stainless-Steel-Stock-Pot-Set-Wholesale-Manufacturer-2-768x768.webp 768w, https:\/\/www.chancescook.com\/wp-content\/uploads\/2025\/12\/Stainless-Steel-Stock-Pot-Set-Wholesale-Manufacturer-2-12x12.webp 12w, https:\/\/www.chancescook.com\/wp-content\/uploads\/2025\/12\/Stainless-Steel-Stock-Pot-Set-Wholesale-Manufacturer-2-285x285.webp 285w, https:\/\/www.chancescook.com\/wp-content\/uploads\/2025\/12\/Stainless-Steel-Stock-Pot-Set-Wholesale-Manufacturer-2-270x270.webp 270w, https:\/\/www.chancescook.com\/wp-content\/uploads\/2025\/12\/Stainless-Steel-Stock-Pot-Set-Wholesale-Manufacturer-2-540x540.webp 540w, https:\/\/www.chancescook.com\/wp-content\/uploads\/2025\/12\/Stainless-Steel-Stock-Pot-Set-Wholesale-Manufacturer-2-660x660.webp 660w\" sizes=\"(max-width: 800px) 100vw, 800px\" \/><\/figure>\n<\/div>\n<\/div>\n\n\n\n<p><\/p>","protected":false},"excerpt":{"rendered":"<p>O nosso conjunto de panelas de 6 pe\u00e7as com laterais retas oferece durabilidade premium, versatilidade em v\u00e1rios tamanhos e personaliza\u00e7\u00e3o OEM\/ODM, tornando-o perfeito para o com\u00e9rcio grossista de panelas de a\u00e7o inoxid\u00e1vel e para as necessidades de abastecimento de restaurantes ou retalhistas internacionais. A Chancescook \u00e9 uma empresa fi\u00e1vel. <a href=\"https:\/\/www.chancescook.com\/pt\/about-chances\/\"><strong>fabricante de utens\u00edlios de cozinha<\/strong><\/a> Oferecendo pre\u00e7os diretos de f\u00e1brica e personaliza\u00e7\u00e3o OEM completa. Entre em contacto connosco para obter o melhor or\u00e7amento do seu fabricante de utens\u00edlios de cozinha de confian\u00e7a.<\/p>\n<h2><strong><b>Caracter\u00edsticas e vantagens do conjunto de panelas de a\u00e7o inoxid\u00e1vel:<\/b><\/strong><\/h2>\n<ul>\n<li><strong>Conjunto de seis pe\u00e7as de panelas de corpo reto<\/strong>: Est\u00e1 dispon\u00edvel em diferentes capacidades, atendendo \u00e0s necessidades de grandes quantidades, desde cozinhas dom\u00e9sticas at\u00e9 cozinhas profissionais, aumentando assim a gama de produtos e a cobertura de vendas para os compradores.<\/li>\n<li><strong>Constru\u00e7\u00e3o em a\u00e7o inoxid\u00e1vel premium:<\/strong> Os recipientes s\u00e3o feitos de a\u00e7o inoxid\u00e1vel de qualidade alimentar, resistente \u00e0 corros\u00e3o e a altas temperaturas, e n\u00e3o se deformam facilmente, garantindo seguran\u00e7a e estabilidade a longo prazo.<\/li>\n<li><strong>O design de lados retos para maior capacidade: <\/strong>significa que o design vertical da parede da panela oferece maior capacidade efetiva no mesmo di\u00e2metro, o que \u00e9 adequado para cozinhar sopas, refogar ingredientes ou cozinhar em alta frequ\u00eancia em cozinhas comerciais.<\/li>\n<li><strong>Fundo composto condutor:<\/strong> A nova estrutura inferior composta por v\u00e1rias camadas aumenta a efici\u00eancia da condu\u00e7\u00e3o de calor, tornando o cozimento mais econ\u00f3mico sem queimar. Este design de desempenho est\u00e1vel \u00e9 preferido por clientes do setor de catering e atacado.<\/li>\n<li><strong>Estrutura robusta com pega rebitada<\/strong>: As pegas s\u00e3o fixadas com rebites refor\u00e7ados para resistir a vibra\u00e7\u00f5es e altas temperaturas, prolongando a vida \u00fatil dos utens\u00edlios de cozinha e tornando-os mais seguros e fi\u00e1veis ao manusear panelas de grande capacidade.<\/li>\n<li><strong>Compat\u00edvel com v\u00e1rios dispositivos de aquecimento<\/strong>: O conjunto completo \u00e9 compat\u00edvel com v\u00e1rios tipos de fog\u00f5es, tais como fog\u00f5es a g\u00e1s, fog\u00f5es de indu\u00e7\u00e3o e fog\u00f5es cer\u00e2micos. Isto aumenta, portanto, a versatilidade e adaptabilidade do produto para vendas a n\u00edvel global.<\/li>\n<li><strong>Adequado para coopera\u00e7\u00e3o transfronteiri\u00e7a no atacado e entre marcas:<\/strong> A personaliza\u00e7\u00e3o OEM\/ODM \u00e9 suportada, incluindo correspond\u00eancia de tamanhos, combina\u00e7\u00e3o de kits, tratamento de superf\u00edcies e solu\u00e7\u00f5es de embalagem, para aumentar ainda mais a flexibilidade de compra dos grossistas de panelas de a\u00e7o inoxid\u00e1vel.<\/li>\n<li><strong>Kits por atacado de alto valor:<\/strong> Os kits de 6 pe\u00e7as ajudam os distribuidores a melhorar a estrutura de lucro por encomenda, ao mesmo tempo que otimizam a efici\u00eancia do armazenamento e do transporte. Isso tornaria essa linha de produtos a solu\u00e7\u00e3o ideal para grossistas de panelas de a\u00e7o inoxid\u00e1vel.<\/li>\n<\/ul>","protected":false},"featured_media":5688,"comment_status":"closed","ping_status":"closed","template":"","meta":{"_acf_changed":false},"product_brand":[],"product_cat":[53],"product_tag":[],"class_list":{"0":"post-5681","1":"product","2":"type-product","3":"status-publish","4":"has-post-thumbnail","6":"product_cat-wholesale-cookware-sets","8":"first","9":"instock","10":"shipping-taxable","11":"product-type-simple"},"acf":[],"_links":{"self":[{"href":"https:\/\/www.chancescook.com\/pt\/wp-json\/wp\/v2\/product\/5681","targetHints":{"allow":["GET"]}}],"collection":[{"href":"https:\/\/www.chancescook.com\/pt\/wp-json\/wp\/v2\/product"}],"about":[{"href":"https:\/\/www.chancescook.com\/pt\/wp-json\/wp\/v2\/types\/product"}],"replies":[{"embeddable":true,"href":"https:\/\/www.chancescook.com\/pt\/wp-json\/wp\/v2\/comments?post=5681"}],"wp:featuredmedia":[{"embeddable":true,"href":"https:\/\/www.chancescook.com\/pt\/wp-json\/wp\/v2\/media\/5688"}],"wp:attachment":[{"href":"https:\/\/www.chancescook.com\/pt\/wp-json\/wp\/v2\/media?parent=5681"}],"wp:term":[{"taxonomy":"product_brand","embeddable":true,"href":"https:\/\/www.chancescook.com\/pt\/wp-json\/wp\/v2\/product_brand?post=5681"},{"taxonomy":"product_cat","embeddable":true,"href":"https:\/\/www.chancescook.com\/pt\/wp-json\/wp\/v2\/product_cat?post=5681"},{"taxonomy":"product_tag","embeddable":true,"href":"https:\/\/www.chancescook.com\/pt\/wp-json\/wp\/v2\/product_tag?post=5681"}],"curies":[{"name":"wp","href":"https:\/\/api.w.org\/{rel}","templated":true}]}}