{"id":5972,"date":"2026-01-31T09:05:29","date_gmt":"2026-01-31T09:05:29","guid":{"rendered":"https:\/\/www.chancescook.com\/?post_type=product&#038;p=5972"},"modified":"2026-01-31T10:22:36","modified_gmt":"2026-01-31T10:22:36","slug":"wholesale-25-piece-kitchenware-set","status":"publish","type":"product","link":"https:\/\/www.chancescook.com\/pt\/produto\/wholesale-25-piece-kitchenware-set\/","title":{"rendered":"Conjunto de 25 pe\u00e7as de utens\u00edlios de cozinha por atacado: Tachos com tampas, frigideiras e utens\u00edlios para fornecimento a granel"},"content":{"rendered":"<div class=\"wp-block-columns is-layout-flex wp-container-core-columns-is-layout-9d6595d7 wp-block-columns-is-layout-flex\">\n<div class=\"wp-block-column is-layout-flow wp-block-column-is-layout-flow\">\n<h2 class=\"wp-block-heading\">Premium 25-Piece Kitchenware Set Parameters\uff1a<\/h2>\n\n\n\n<ul class=\"wp-block-list\">\n<li><strong>Material<\/strong>: SS304<\/li>\n\n\n\n<li><strong>Cor<\/strong>: Prata<\/li>\n\n\n\n<li><strong>Fundo:<\/strong> Encapsulated base bottom (SUS+ Alu+SUS)<\/li>\n\n\n\n<li><strong>Tampa:<\/strong> Tampas de vidro<\/li>\n<\/ul>\n<\/div>\n\n\n\n<div class=\"wp-block-column is-layout-flow wp-block-column-is-layout-flow\">\n<h2 class=\"wp-block-heading\">Custom Cookware Set Options\uff1a<\/h2>\n\n\n\n<ul class=\"wp-block-list\">\n<li><strong>Log\u00f3tipo:<\/strong> Personaliz\u00e1vel com o log\u00f3tipo da sua marca<\/li>\n\n\n\n<li><strong>Pega<\/strong>: Pega para se adaptar ao seu estilo<\/li>\n\n\n\n<li><strong>Embalagem:<\/strong> Caixa de cor\/caixa de cart\u00e3o, etc<\/li>\n\n\n\n<li><strong><a href=\"https:\/\/www.chancescook.com\/pt\/custom-cookware\/\">Solu\u00e7\u00f5es personalizadas OEM e ODM<\/a><\/strong><\/li>\n<\/ul>\n<\/div>\n<\/div>\n\n\n\n<h2 class=\"wp-block-heading\">Detailed Breakdown of the 25-Piece Set:<\/h2>\n\n\n\n<h3 class=\"wp-block-heading\">15-Piece Multi-Size Pot Set with Lids:<\/h3>\n\n\n\n<p>Our core cookware range features graduated sizes for versatile food preparation, from simmering sauces to cooking large batches.<\/p>\n\n\n\n<ul class=\"wp-block-list\">\n<li>18cm Pot with lid<\/li>\n\n\n\n<li>20cm Pot with lid<\/li>\n\n\n\n<li>22cm Pot with lid<\/li>\n\n\n\n<li>26cm Pot with lid<\/li>\n\n\n\n<li>28cm Pot with lid<\/li>\n\n\n\n<li>30cm Pot with lid<\/li>\n\n\n\n<li>32cm Pot with lid<\/li>\n<\/ul>\n\n\n\n<h3 class=\"wp-block-heading\">1-Piece Heavy-Duty Frying Pan:<\/h3>\n\n\n\n<ul class=\"wp-block-list\">\n<li>24cm Frying Pan. A versatile pan perfect for everyday saut\u00e9ing and frying tasks.<\/li>\n<\/ul>\n\n\n\n<h3 class=\"wp-block-heading\">10-Piece Essential Utensil Set (Stainless Steel):<\/h3>\n\n\n\n<p>This extensive utensil kit covers all basic food handling needs.<\/p>\n\n\n\n<ul class=\"wp-block-list\">\n<li>3 x Large Spoons<\/li>\n\n\n\n<li>4 x Forks<\/li>\n\n\n\n<li>2 x Knives<\/li>\n\n\n\n<li>1 x Skimmer\/Strainer<\/li>\n<\/ul>\n\n\n\n<h2 class=\"wp-block-heading\">The Ultimate 25-Piece Kitchenware Set for Bulk Buyers &amp; Distributors<\/h2>\n\n\n\n<p>Streamline your supply chain with our all-in-one 25-piece wholesale kitchenware set, designed specifically for commercial kitchen equipment distributors, restaurant supply companies, and hotel procurement networks. This comprehensive bundle offers exceptional value, meeting the foundational needs of any professional kitchen with a single, high-quality SKU.<\/p>\n\n\n\n<p><em><a href=\"https:\/\/www.chancescook.com\/pt\/contact\/\" data-type=\"page\" data-id=\"2990\">O fabricante de utens\u00edlios de cozinha Chancescook oferece pre\u00e7os de f\u00e1brica e servi\u00e7os de personaliza\u00e7\u00e3o OEM. Contacte-nos para obter a melhor cota\u00e7\u00e3o de um fabricante de utens\u00edlios de cozinha fi\u00e1vel.<\/a><\/em><\/p>\n\n\n\n<div class=\"wp-block-columns is-layout-flex wp-container-core-columns-is-layout-9d6595d7 wp-block-columns-is-layout-flex\">\n<div class=\"wp-block-column is-layout-flow wp-block-column-is-layout-flow\" style=\"flex-basis:40%\">\n<figure class=\"wp-block-image size-full\"><img decoding=\"async\" width=\"4608\" height=\"3456\" src=\"https:\/\/www.chancescook.com\/wp-content\/uploads\/2025\/07\/wholesale-cookware-manufacturer-chances-0-edited.webp\" alt=\"Fabricante de utens\u00edlios de cozinha na China - Chancescook\" class=\"wp-image-5085\" srcset=\"https:\/\/www.chancescook.com\/wp-content\/uploads\/2025\/07\/wholesale-cookware-manufacturer-chances-0-edited.webp 4608w, https:\/\/www.chancescook.com\/wp-content\/uploads\/2025\/07\/wholesale-cookware-manufacturer-chances-0-edited-300x225.webp 300w, https:\/\/www.chancescook.com\/wp-content\/uploads\/2025\/07\/wholesale-cookware-manufacturer-chances-0-edited-768x576.webp 768w, https:\/\/www.chancescook.com\/wp-content\/uploads\/2025\/07\/wholesale-cookware-manufacturer-chances-0-edited-16x12.webp 16w, https:\/\/www.chancescook.com\/wp-content\/uploads\/2025\/07\/wholesale-cookware-manufacturer-chances-0-edited-285x214.webp 285w, https:\/\/www.chancescook.com\/wp-content\/uploads\/2025\/07\/wholesale-cookware-manufacturer-chances-0-edited-1600x1200.webp 1600w, https:\/\/www.chancescook.com\/wp-content\/uploads\/2025\/07\/wholesale-cookware-manufacturer-chances-0-edited-800x600.webp 800w, https:\/\/www.chancescook.com\/wp-content\/uploads\/2025\/07\/wholesale-cookware-manufacturer-chances-0-edited-660x495.webp 660w, https:\/\/www.chancescook.com\/wp-content\/uploads\/2025\/07\/wholesale-cookware-manufacturer-chances-0-edited-150x113.webp 150w\" sizes=\"(max-width: 4608px) 100vw, 4608px\" \/><\/figure>\n<\/div>\n\n\n\n<div class=\"wp-block-column is-layout-flow wp-block-column-is-layout-flow\">\n<figure class=\"wp-block-embed is-type-video is-provider-youtube wp-block-embed-youtube wp-embed-aspect-16-9 wp-has-aspect-ratio\"><div class=\"wp-block-embed__wrapper\">\n<iframe title=\"Como \u00e9 que os utens\u00edlios de cozinha s\u00e3o fabricados na f\u00e1brica || F\u00e1brica de produ\u00e7\u00e3o em massa de utens\u00edlios de cozinha na China\" width=\"940\" height=\"529\" src=\"https:\/\/www.youtube.com\/embed\/isoIOWUCi5s?feature=oembed\" frameborder=\"0\" allow=\"accelerometer; autoplay; clipboard-write; encrypted-media; gyroscope; picture-in-picture; web-share\" referrerpolicy=\"strict-origin-when-cross-origin\" allowfullscreen><\/iframe>\n<\/div><\/figure>\n<\/div>\n<\/div>\n\n\n\n<p><\/p>","protected":false},"excerpt":{"rendered":"<p>Source complete 25-piece commercial kitchenware sets wholesale! Our B2B bundle includes 7 pots with lids, a frying pan, and 17 essential utensils. Ideal for restaurant suppliers &amp; hotel chains. Get bulk pricing for kitchen sets.<\/p>\n<h3>25-Piece Kitchenware Set Features:<\/h3>\n<ul>\n<li><strong>All-in-One Inventory Solution:<\/strong> Simplify ordering and stocking with a single, comprehensive 25-piece kitchen set wholesale item. Perfect for kitchenware exporters and bulk suppliers.<\/li>\n<li><strong>Immediate Operational Readiness<\/strong>: Provides everything needed to equip a new kitchen station, making it ideal for restaurant start-up kits, catering companies, and hotel apartment suites.<\/li>\n<li><strong>Cost-Efficiency &amp; Higher Margins<\/strong>: Benefit from significant savings through bundled wholesale pricing. Attractive pallet pricing and MOQ discounts available for large-volume orders.<\/li>\n<li><strong>Guaranteed Durability:<\/strong> Manufactured to withstand the demands of commercial use, ensuring longevity and reducing replacement frequency for end-users.<\/li>\n<\/ul>\n<h3>Target Markets for This 25-Piece Set:<\/h3>\n<ul>\n<li>Food Service Distributors &amp; Wholesalers<\/li>\n<li>Hospitality Groups &amp; Hotel Chains<\/li>\n<li>Restaurant and Caf\u00e9 Franchises<\/li>\n<li>Corporate Office &amp; Institutional Caterers<\/li>\n<li>Government &amp; Educational Facility Kitchens<\/li>\n<li>Exporters to Global Kitchen Equipment Markets<\/li>\n<li>Your Partner for Profitable Kitchenware Bundles<\/li>\n<\/ul>\n<p>We are a trusted manufacturer and supplier of high-volume commercial kitchen bundles. Our focus is on providing reliable products, seamless logistics, and competitive B2B pricing for kitchen sets to help you grow your business.<\/p>\n<p>&nbsp;<\/p>\n<p>&nbsp;<\/p>","protected":false},"featured_media":5973,"comment_status":"closed","ping_status":"closed","template":"","meta":{"_acf_changed":false},"product_brand":[],"product_cat":[53],"product_tag":[],"class_list":{"0":"post-5972","1":"product","2":"type-product","3":"status-publish","4":"has-post-thumbnail","6":"product_cat-wholesale-cookware-sets","8":"first","9":"instock","10":"shipping-taxable","11":"product-type-simple"},"acf":[],"_links":{"self":[{"href":"https:\/\/www.chancescook.com\/pt\/wp-json\/wp\/v2\/product\/5972","targetHints":{"allow":["GET"]}}],"collection":[{"href":"https:\/\/www.chancescook.com\/pt\/wp-json\/wp\/v2\/product"}],"about":[{"href":"https:\/\/www.chancescook.com\/pt\/wp-json\/wp\/v2\/types\/product"}],"replies":[{"embeddable":true,"href":"https:\/\/www.chancescook.com\/pt\/wp-json\/wp\/v2\/comments?post=5972"}],"wp:featuredmedia":[{"embeddable":true,"href":"https:\/\/www.chancescook.com\/pt\/wp-json\/wp\/v2\/media\/5973"}],"wp:attachment":[{"href":"https:\/\/www.chancescook.com\/pt\/wp-json\/wp\/v2\/media?parent=5972"}],"wp:term":[{"taxonomy":"product_brand","embeddable":true,"href":"https:\/\/www.chancescook.com\/pt\/wp-json\/wp\/v2\/product_brand?post=5972"},{"taxonomy":"product_cat","embeddable":true,"href":"https:\/\/www.chancescook.com\/pt\/wp-json\/wp\/v2\/product_cat?post=5972"},{"taxonomy":"product_tag","embeddable":true,"href":"https:\/\/www.chancescook.com\/pt\/wp-json\/wp\/v2\/product_tag?post=5972"}],"curies":[{"name":"wp","href":"https:\/\/api.w.org\/{rel}","templated":true}]}}