{"id":6006,"date":"2026-02-24T07:09:01","date_gmt":"2026-02-24T07:09:01","guid":{"rendered":"https:\/\/www.chancescook.com\/?post_type=product&#038;p=6006"},"modified":"2026-03-11T09:03:52","modified_gmt":"2026-03-11T09:03:52","slug":"stainless-steel-cutlery-set-wholesale","status":"publish","type":"product","link":"https:\/\/www.chancescook.com\/pt\/produto\/stainless-steel-cutlery-set-wholesale\/","title":{"rendered":"Conjunto de talheres de a\u00e7o inoxid\u00e1vel Wholesale 6 pe\u00e7as (2 facas, 4 garfos)"},"content":{"rendered":"<div class=\"wp-block-columns is-layout-flex wp-container-core-columns-is-layout-9d6595d7 wp-block-columns-is-layout-flex\">\n<div class=\"wp-block-column is-layout-flow wp-block-column-is-layout-flow\">\n<h2 class=\"wp-block-heading\">Par\u00e2metros do conjunto de talheres de a\u00e7o inoxid\u00e1vel Premium<\/h2>\n\n\n\n<ul class=\"wp-block-list\">\n<li><strong>Material<\/strong>: Facas:420,Garfo:304<\/li>\n\n\n\n<li><strong>Espessura normal<\/strong>: 3,0 mm<\/li>\n\n\n\n<li><strong>Tamanho:<\/strong>Facas:23cm,Garfo:22cm<\/li>\n\n\n\n<li><strong>Cor:<\/strong> Prata<\/li>\n\n\n\n<li><strong>Log\u00f3tipo<\/strong>: Grava\u00e7\u00e3o a laser<\/li>\n\n\n\n<li><strong>Nota: <\/strong>Apoiar a inspe\u00e7\u00e3o da qualidade para encomendas de pequenos lotes<\/li>\n<\/ul>\n<\/div>\n\n\n\n<div class=\"wp-block-column is-layout-flow wp-block-column-is-layout-flow\">\n<h2 class=\"wp-block-heading\">Op\u00e7\u00f5es de conjuntos de talheres personalizados<\/h2>\n\n\n\n<ul class=\"wp-block-list\">\n<li><strong>A\u00e7o inoxid\u00e1vel:<\/strong>\u00a0A\u00e7o inoxid\u00e1vel 18\/10, 304, 316, 410, 430, 420<\/li>\n\n\n\n<li><strong>Log\u00f3tipo:<\/strong>\u00a0Grava\u00e7\u00e3o a laser, impress\u00e3o serigr\u00e1fica, impress\u00e3o UV, impress\u00e3o por transfer\u00eancia t\u00e9rmica, grava\u00e7\u00e3o em relevo, etc.<\/li>\n\n\n\n<li><strong>Embalagem:<\/strong>\u00a04\/8\/12\/16\/20\/24\/45\/48\/72pcs set<\/li>\n\n\n\n<li><strong>Acabamentos de superf\u00edcie:<\/strong>\u00a0Polido com espelho, mate, polido com \u00e1gua, revestimento de tit\u00e2nio<\/li>\n\n\n\n<li><strong>Embalagem:<\/strong>\u00a0A granel, saco opp, caixa de cor, caixa de oferta, personalizado<\/li>\n<\/ul>\n<\/div>\n<\/div>\n\n\n\n<div class=\"wp-block-columns is-layout-flex wp-container-core-columns-is-layout-9d6595d7 wp-block-columns-is-layout-flex\">\n<div class=\"wp-block-column is-layout-flow wp-block-column-is-layout-flow\">\n<h2 class=\"wp-block-heading\"><strong>Ideal para compradores B2B<\/strong><\/h2>\n\n\n\n<p><strong>Restaurantes e caf\u00e9s<\/strong>: Melhora a apresenta\u00e7\u00e3o da mesa, garantindo a durabilidade para um servi\u00e7o de grande volume.<\/p>\n\n\n\n<p><strong>Hot\u00e9is e restaura\u00e7\u00e3o<\/strong>: Impressionar os h\u00f3spedes com talheres de qualidade superior e funcionais, em conformidade com os padr\u00f5es da hotelaria de luxo.<\/p>\n\n\n\n<p><strong>Refei\u00e7\u00f5es institucionais<\/strong>: Satisfazem os requisitos de higiene e durabilidade para escolas, hospitais e cafetarias de empresas.<\/p>\n\n\n\n<p>Este conjunto de talheres \u00e9 mais do que um simples servi\u00e7o de mesa - \u00e9 um investimento estrat\u00e9gico em efici\u00eancia operacional, satisfa\u00e7\u00e3o do cliente e reputa\u00e7\u00e3o da marca para o seu neg\u00f3cio de servi\u00e7os alimentares.<\/p>\n<\/div>\n\n\n\n<div class=\"wp-block-column is-layout-flow wp-block-column-is-layout-flow\"><\/div>\n<\/div>","protected":false},"excerpt":{"rendered":"<p>Bem-vindo a comprar o nosso conjunto de talheres de a\u00e7o inoxid\u00e1vel por grosso. Este conjunto de 6 pe\u00e7as (2 facas, 4 garfos) \u00e9 feito de a\u00e7o inoxid\u00e1vel dur\u00e1vel e resistente \u00e0 ferrugem com um acabamento elegante, ideal para restaurantes, catering e uso dom\u00e9stico. Suporte para OEM\/ODM com descontos por volume. Contacte-nos para obter um or\u00e7amento!<\/p>\n<h2 class=\"wp-block-heading\">Conjunto de talheres em a\u00e7o inoxid\u00e1vel Carater\u00edsticas:<\/h2>\n<p>&nbsp;<\/p>\n<ol>\n<li><strong>Constru\u00e7\u00e3o em a\u00e7o inoxid\u00e1vel 304 de qualidade superior<\/strong>: Fabricado em a\u00e7o inoxid\u00e1vel de qualidade alimentar 304 de alta qualidade, este conjunto de talheres de a\u00e7o inoxid\u00e1vel oferece excelente resist\u00eancia \u00e0 corros\u00e3o, durabilidade e longa vida \u00fatil. Concebido para resistir a uma utiliza\u00e7\u00e3o di\u00e1ria intensa e \u00e0 lavagem frequente de lou\u00e7a comercial, ajuda a reduzir os custos de substitui\u00e7\u00e3o para restaurantes e empresas de catering.<\/li>\n<li><strong>Design \u00fanico da pega com textura:<\/strong> A elegante pega com textura de escama de peixe aumenta o conforto de manuseamento, ao mesmo tempo que confere um aspeto visual distinto e de qualidade superior. O design ergon\u00f3mico e antideslizante melhora a experi\u00eancia de jantar e complementa os ambientes de mesa modernos.<\/li>\n<li><strong>Polido e de f\u00e1cil manuten\u00e7\u00e3o:<\/strong> Com uma superf\u00edcie lisa e polida como um espelho, este conjunto de talheres em a\u00e7o inoxid\u00e1vel resiste \u00e0 acumula\u00e7\u00e3o de res\u00edduos alimentares e permite a limpeza na m\u00e1quina de lavar loi\u00e7a comercial. Garante um saneamento eficiente e cumpre as rigorosas normas de higiene em ambientes de restaura\u00e7\u00e3o.<\/li>\n<li><strong>M\u00faltiplas op\u00e7\u00f5es de cores e personaliza\u00e7\u00e3o:<\/strong> Dispon\u00edvel em prata cl\u00e1ssica, ouro rosa elegante, preto moderno, arco-\u00edris e outros acabamentos personaliz\u00e1veis. Apoiamos os servi\u00e7os OEM\/ODM, incluindo grava\u00e7\u00e3o de log\u00f3tipo, marca\u00e7\u00e3o a laser e embalagem personalizada para satisfazer as necessidades de marca dos compradores grossistas.<\/li>\n<li><strong>Aplica\u00e7\u00f5es comerciais vers\u00e1teis:<\/strong> Este conjunto de 6 pe\u00e7as (2 facas para bifes + 4 garfos de jantar) \u00e9 ideal para hot\u00e9is, restaurantes, caf\u00e9s, sal\u00f5es de banquetes e servi\u00e7os de catering. Perfeito para aquisi\u00e7\u00e3o a granel e normaliza\u00e7\u00e3o em v\u00e1rios locais.<\/li>\n<li><strong>Compras a granel rent\u00e1veis:<\/strong> Como fornecedor grossista profissional de conjuntos de talheres de a\u00e7o inoxid\u00e1vel, oferecemos pre\u00e7os competitivos diretos da f\u00e1brica, qualidade est\u00e1vel e capacidade de produ\u00e7\u00e3o fi\u00e1vel em grande escala. Contacte-nos hoje para obter descontos a granel e solu\u00e7\u00f5es de personaliza\u00e7\u00e3o.<\/li>\n<\/ol>","protected":false},"featured_media":6007,"comment_status":"closed","ping_status":"closed","template":"","meta":{"_acf_changed":false},"product_brand":[],"product_cat":[55],"product_tag":[],"class_list":{"0":"post-6006","1":"product","2":"type-product","3":"status-publish","4":"has-post-thumbnail","6":"product_cat-tableware-wholesale","8":"first","9":"instock","10":"shipping-taxable","11":"product-type-simple"},"acf":[],"_links":{"self":[{"href":"https:\/\/www.chancescook.com\/pt\/wp-json\/wp\/v2\/product\/6006","targetHints":{"allow":["GET"]}}],"collection":[{"href":"https:\/\/www.chancescook.com\/pt\/wp-json\/wp\/v2\/product"}],"about":[{"href":"https:\/\/www.chancescook.com\/pt\/wp-json\/wp\/v2\/types\/product"}],"replies":[{"embeddable":true,"href":"https:\/\/www.chancescook.com\/pt\/wp-json\/wp\/v2\/comments?post=6006"}],"wp:featuredmedia":[{"embeddable":true,"href":"https:\/\/www.chancescook.com\/pt\/wp-json\/wp\/v2\/media\/6007"}],"wp:attachment":[{"href":"https:\/\/www.chancescook.com\/pt\/wp-json\/wp\/v2\/media?parent=6006"}],"wp:term":[{"taxonomy":"product_brand","embeddable":true,"href":"https:\/\/www.chancescook.com\/pt\/wp-json\/wp\/v2\/product_brand?post=6006"},{"taxonomy":"product_cat","embeddable":true,"href":"https:\/\/www.chancescook.com\/pt\/wp-json\/wp\/v2\/product_cat?post=6006"},{"taxonomy":"product_tag","embeddable":true,"href":"https:\/\/www.chancescook.com\/pt\/wp-json\/wp\/v2\/product_tag?post=6006"}],"curies":[{"name":"wp","href":"https:\/\/api.w.org\/{rel}","templated":true}]}}