{"id":6008,"date":"2026-02-24T07:13:08","date_gmt":"2026-02-24T07:13:08","guid":{"rendered":"https:\/\/www.chancescook.com\/?post_type=product&#038;p=6008"},"modified":"2026-03-11T09:02:26","modified_gmt":"2026-03-11T09:02:26","slug":"wholesale-kitchen-serving-utensils","status":"publish","type":"product","link":"https:\/\/www.chancescook.com\/pt\/produto\/wholesale-kitchen-serving-utensils\/","title":{"rendered":"Utens\u00edlios de cozinha por atacado para festas, conjunto de colheres de a\u00e7o inoxid\u00e1vel para servir 3 pe\u00e7as"},"content":{"rendered":"<div class=\"wp-block-columns is-layout-flex wp-container-core-columns-is-layout-9d6595d7 wp-block-columns-is-layout-flex\">\n<div class=\"wp-block-column is-layout-flow wp-block-column-is-layout-flow\">\n<h2 class=\"wp-block-heading\">Par\u00e2metros dos utens\u00edlios de cozinha por atacado <\/h2>\n\n\n\n<ul class=\"wp-block-list\">\n<li><strong>Material:<\/strong> 304\/201<\/li>\n\n\n\n<li><strong>Espessura normal<\/strong>: 2,0 mm<\/li>\n\n\n\n<li><strong>Tamanho:<\/strong>23 cm<\/li>\n\n\n\n<li><strong>Cor:<\/strong> Prata<\/li>\n\n\n\n<li><strong>Log\u00f3tipo:<\/strong> Grava\u00e7\u00e3o a laser<\/li>\n\n\n\n<li><strong>Nota: <\/strong>Apoiar a inspe\u00e7\u00e3o da qualidade para encomendas de pequenos lotes<\/li>\n<\/ul>\n<\/div>\n\n\n\n<div class=\"wp-block-column is-layout-flow wp-block-column-is-layout-flow\">\n<h2 class=\"wp-block-heading\">Utens\u00edlios de cozinha personalizados Op\u00e7\u00f5es de utens\u00edlios de cozinha<\/h2>\n\n\n\n<ul class=\"wp-block-list\">\n<li><strong>A\u00e7o inoxid\u00e1vel:<\/strong>&nbsp;A\u00e7o inoxid\u00e1vel 18\/10, 304, 316, 410, 430, 420<\/li>\n\n\n\n<li><strong>Log\u00f3tipo:<\/strong>&nbsp;Grava\u00e7\u00e3o a laser, impress\u00e3o serigr\u00e1fica, impress\u00e3o UV, impress\u00e3o por transfer\u00eancia t\u00e9rmica, grava\u00e7\u00e3o em relevo, etc.<\/li>\n\n\n\n<li><strong>Embalagem:<\/strong>&nbsp;4\/8\/12\/16\/20\/24\/45\/48\/72pcs set<\/li>\n\n\n\n<li><strong>Acabamentos de superf\u00edcie:<\/strong>&nbsp;Polido com espelho, mate, polido com \u00e1gua, revestimento de tit\u00e2nio<\/li>\n\n\n\n<li><strong>Embalagem:<\/strong>&nbsp;A granel, saco opp, caixa de cor, caixa de oferta, personalizado<\/li>\n<\/ul>\n<\/div>\n<\/div>\n\n\n\n<div class=\"wp-block-columns is-layout-flex wp-container-core-columns-is-layout-9d6595d7 wp-block-columns-is-layout-flex\">\n<div class=\"wp-block-column is-layout-flow wp-block-column-is-layout-flow\">\n<h2 class=\"wp-block-heading\"><strong>Ideal para compradores B2B<\/strong><\/h2>\n\n\n\n<p><strong>Restaurantes e caf\u00e9s<\/strong>: Simplifique os processos de cozedura e de servir com ferramentas dur\u00e1veis e vers\u00e1teis que resistem a um servi\u00e7o de grande volume.<\/p>\n\n\n\n<p><strong>Hot\u00e9is e restaura\u00e7\u00e3o<\/strong>: Impressione os convidados com utens\u00edlios de qualidade profissional que melhoram a apresenta\u00e7\u00e3o dos alimentos e a efici\u00eancia operacional.<\/p>\n\n\n\n<p><strong>Cozinhas institucionais<\/strong>: Satisfazem os requisitos de durabilidade e higiene para escolas, hospitais e cafetarias de empresas.<\/p>\n\n\n\n<p>Este conjunto de utens\u00edlios de cozinha \u00e9 um investimento estrat\u00e9gico na efici\u00eancia operacional, seguran\u00e7a alimentar e reputa\u00e7\u00e3o da marca para o seu neg\u00f3cio de servi\u00e7os alimentares.<\/p>\n<\/div>\n\n\n\n<div class=\"wp-block-column is-layout-flow wp-block-column-is-layout-flow\">\n<figure class=\"wp-block-image size-full\"><img decoding=\"async\" width=\"800\" height=\"800\" src=\"https:\/\/www.chancescook.com\/wp-content\/uploads\/2026\/02\/Wholesale-Kitchen-Serving-Utensils-for-Parties.webp\" alt=\"Utens\u00edlios de cozinha por atacado para festas\" class=\"wp-image-6009\" srcset=\"https:\/\/www.chancescook.com\/wp-content\/uploads\/2026\/02\/Wholesale-Kitchen-Serving-Utensils-for-Parties.webp 800w, https:\/\/www.chancescook.com\/wp-content\/uploads\/2026\/02\/Wholesale-Kitchen-Serving-Utensils-for-Parties-300x300.webp 300w, https:\/\/www.chancescook.com\/wp-content\/uploads\/2026\/02\/Wholesale-Kitchen-Serving-Utensils-for-Parties-150x150.webp 150w, https:\/\/www.chancescook.com\/wp-content\/uploads\/2026\/02\/Wholesale-Kitchen-Serving-Utensils-for-Parties-768x768.webp 768w, https:\/\/www.chancescook.com\/wp-content\/uploads\/2026\/02\/Wholesale-Kitchen-Serving-Utensils-for-Parties-12x12.webp 12w, https:\/\/www.chancescook.com\/wp-content\/uploads\/2026\/02\/Wholesale-Kitchen-Serving-Utensils-for-Parties-285x285.webp 285w, https:\/\/www.chancescook.com\/wp-content\/uploads\/2026\/02\/Wholesale-Kitchen-Serving-Utensils-for-Parties-270x270.webp 270w, https:\/\/www.chancescook.com\/wp-content\/uploads\/2026\/02\/Wholesale-Kitchen-Serving-Utensils-for-Parties-540x540.webp 540w, https:\/\/www.chancescook.com\/wp-content\/uploads\/2026\/02\/Wholesale-Kitchen-Serving-Utensils-for-Parties-660x660.webp 660w\" sizes=\"(max-width: 800px) 100vw, 800px\" \/><\/figure>\n<\/div>\n<\/div>","protected":false},"excerpt":{"rendered":"<p>Bem-vindo ao comprar os nossos utens\u00edlios de cozinha por atacado para festas, este conjunto de colheres de servir em a\u00e7o inoxid\u00e1vel de 3 pe\u00e7as inclui uma colher com fenda, uma colher s\u00f3lida e uma escumadeira. Fabricado em a\u00e7o inoxid\u00e1vel de qualidade alimentar com um acabamento polido, \u00e9 resistente \u00e0 ferrugem, f\u00e1cil de limpar e adequado para buffets, catering, restaurantes e eventos festivos. Personaliza\u00e7\u00e3o OEM\/ODM e descontos por volume dispon\u00edveis. Contacte-nos para obter um or\u00e7amento!<\/p>\n<h2 class=\"wp-block-heading\">Utens\u00edlios de cozinha para servir por atacado Carater\u00edsticas:<\/h2>\n<p>&nbsp;<\/p>\n<ol>\n<li>\n<p data-start=\"98\" data-end=\"495\"><strong data-start=\"98\" data-end=\"132\">Durabilidade de n\u00edvel comercial<\/strong><br data-start=\"132\" data-end=\"135\" \/>Fabricadas em a\u00e7o inoxid\u00e1vel de qualidade alimentar e resistente \u00e0 corros\u00e3o, estas <strong data-start=\"203\" data-end=\"253\">utens\u00edlios de cozinha por atacado para festas<\/strong> s\u00e3o concebidos para uma utiliza\u00e7\u00e3o di\u00e1ria intensa, para cozinhar a altas temperaturas e para ciclos repetidos de m\u00e1quinas de lavar lou\u00e7a comerciais. A constru\u00e7\u00e3o forte e espessa garante um desempenho duradouro e reduz os custos de substitui\u00e7\u00e3o para as empresas de restaura\u00e7\u00e3o e hotelaria.<\/p>\n<\/li>\n<li>\n<p data-start=\"98\" data-end=\"495\"><strong data-start=\"497\" data-end=\"535\">Funcionalidade vers\u00e1til de 3 pe\u00e7as<\/strong><br data-start=\"535\" data-end=\"538\" \/>Este conjunto inclui:<\/p>\n<ul data-start=\"559\" data-end=\"821\">\n<li data-start=\"559\" data-end=\"637\">\n<p data-start=\"561\" data-end=\"637\"><strong data-start=\"561\" data-end=\"578\">Colher com fenda<\/strong> - Ideal para escorrer massas, legumes e alimentos fritos.<\/p>\n<\/li>\n<li data-start=\"638\" data-end=\"718\">\n<p data-start=\"640\" data-end=\"718\"><strong data-start=\"640\" data-end=\"663\">Colher de servir s\u00f3lida<\/strong> - Ideal para sopas, arroz, guisados e pratos com molho.<\/p>\n<\/li>\n<li data-start=\"719\" data-end=\"821\">\n<p data-start=\"721\" data-end=\"821\"><strong data-start=\"721\" data-end=\"732\">Escumadeira<\/strong> - Concebida para remover espuma, \u00f3leo ou pequenas part\u00edculas de alimentos de caldos e \u00f3leo de fritar.<\/p>\n<\/li>\n<\/ul>\n<p data-start=\"823\" data-end=\"988\">Como profissional <strong data-start=\"839\" data-end=\"889\">utens\u00edlios de cozinha por atacado para festas<\/strong>, Este conjunto completo simplifica as opera\u00e7\u00f5es na cozinha, reduzindo a necessidade de utilizar v\u00e1rias ferramentas.<\/p>\n<\/li>\n<li>\n<p data-start=\"823\" data-end=\"988\"><strong data-start=\"990\" data-end=\"1024\">Design ergon\u00f3mico e higi\u00e9nico<\/strong><br data-start=\"1024\" data-end=\"1027\" \/>As pegas longas e com contornos proporcionam uma ader\u00eancia segura e confort\u00e1vel, mesmo durante um servi\u00e7o prolongado. A superf\u00edcie polida espelhada sem costuras resiste \u00e0 acumula\u00e7\u00e3o de res\u00edduos de alimentos e suporta normas de higiene rigorosas. Cada pega tem um orif\u00edcio para pendurar para facilitar a arruma\u00e7\u00e3o e o acesso r\u00e1pido.<\/p>\n<\/li>\n<li>\n<p data-start=\"823\" data-end=\"988\"><strong data-start=\"1294\" data-end=\"1324\">Aspeto profissional<\/strong><br data-start=\"1324\" data-end=\"1327\" \/>O acabamento suave e polido melhora as linhas de buffet, o servi\u00e7o de banquetes e as apresenta\u00e7\u00f5es de cozinha aberta. O seu design uniforme e moderno complementa hot\u00e9is, restaurantes, eventos de catering e configura\u00e7\u00f5es de servi\u00e7o de festas.<\/p>\n<\/li>\n<li>\n<p data-start=\"823\" data-end=\"988\"><strong data-start=\"1534\" data-end=\"1567\">Fornecimento a granel com boa rela\u00e7\u00e3o custo-benef\u00edcio<\/strong><br data-start=\"1567\" data-end=\"1570\" \/>Dispon\u00edvel para encomendas a granel com pre\u00e7os diretos da f\u00e1brica, este conjunto de utens\u00edlios \u00e9 ideal para normalizar os utens\u00edlios de cozinha em opera\u00e7\u00f5es de grande escala. Os servi\u00e7os de personaliza\u00e7\u00e3o OEM\/ODM, grava\u00e7\u00e3o de log\u00f3tipo e embalagem s\u00e3o suportados para satisfazer as suas necessidades de venda por grosso.<\/p>\n<\/li>\n<\/ol>","protected":false},"featured_media":6009,"comment_status":"closed","ping_status":"closed","template":"","meta":{"_acf_changed":false},"product_brand":[],"product_cat":[55],"product_tag":[],"class_list":{"0":"post-6008","1":"product","2":"type-product","3":"status-publish","4":"has-post-thumbnail","6":"product_cat-tableware-wholesale","8":"first","9":"instock","10":"shipping-taxable","11":"product-type-simple"},"acf":[],"_links":{"self":[{"href":"https:\/\/www.chancescook.com\/pt\/wp-json\/wp\/v2\/product\/6008","targetHints":{"allow":["GET"]}}],"collection":[{"href":"https:\/\/www.chancescook.com\/pt\/wp-json\/wp\/v2\/product"}],"about":[{"href":"https:\/\/www.chancescook.com\/pt\/wp-json\/wp\/v2\/types\/product"}],"replies":[{"embeddable":true,"href":"https:\/\/www.chancescook.com\/pt\/wp-json\/wp\/v2\/comments?post=6008"}],"wp:featuredmedia":[{"embeddable":true,"href":"https:\/\/www.chancescook.com\/pt\/wp-json\/wp\/v2\/media\/6009"}],"wp:attachment":[{"href":"https:\/\/www.chancescook.com\/pt\/wp-json\/wp\/v2\/media?parent=6008"}],"wp:term":[{"taxonomy":"product_brand","embeddable":true,"href":"https:\/\/www.chancescook.com\/pt\/wp-json\/wp\/v2\/product_brand?post=6008"},{"taxonomy":"product_cat","embeddable":true,"href":"https:\/\/www.chancescook.com\/pt\/wp-json\/wp\/v2\/product_cat?post=6008"},{"taxonomy":"product_tag","embeddable":true,"href":"https:\/\/www.chancescook.com\/pt\/wp-json\/wp\/v2\/product_tag?post=6008"}],"curies":[{"name":"wp","href":"https:\/\/api.w.org\/{rel}","templated":true}]}}