{"id":6069,"date":"2026-03-14T04:06:54","date_gmt":"2026-03-14T04:06:54","guid":{"rendered":"https:\/\/www.chancescook.com\/?post_type=product&#038;p=6069"},"modified":"2026-03-14T06:15:38","modified_gmt":"2026-03-14T06:15:38","slug":"pasta-food-strainer-basket-wholesale","status":"publish","type":"product","link":"https:\/\/www.chancescook.com\/pt\/produto\/pasta-food-strainer-basket-wholesale\/","title":{"rendered":"Cesto de massa \/ coador de alimentos por atacado, cesto de fritadeira de a\u00e7o inoxid\u00e1vel"},"content":{"rendered":"<div class=\"wp-block-columns is-layout-flex wp-container-core-columns-is-layout-9d6595d7 wp-block-columns-is-layout-flex\">\n<div class=\"wp-block-column is-layout-flow wp-block-column-is-layout-flow\">\n<h2 class=\"wp-block-heading\">Par\u00e2metros do cesto coador de massas \/ alimentos Premium:<\/h2>\n\n\n\n<ul class=\"wp-block-list\">\n<li><strong>Material: <\/strong>A\u00e7o inoxid\u00e1vel 304<\/li>\n\n\n\n<li><strong>Espessura:<\/strong> 0,5 mm<\/li>\n\n\n\n<li><strong>Tamanho:<\/strong>19,5 cm<\/li>\n\n\n\n<li><strong>Cor<\/strong>: Prata<\/li>\n\n\n\n<li><strong>Nota<\/strong>: Apoiar a inspe\u00e7\u00e3o da qualidade para encomendas de pequenos lotes<\/li>\n<\/ul>\n<\/div>\n\n\n\n<div class=\"wp-block-column is-layout-flow wp-block-column-is-layout-flow\">\n<h2 class=\"wp-block-heading\">Op\u00e7\u00f5es personalizadas:<\/h2>\n\n\n\n<ul class=\"wp-block-list\">\n<li><strong>Log\u00f3tipo:<\/strong> Personaliz\u00e1vel com o log\u00f3tipo da sua marca<\/li>\n\n\n\n<li><strong>Cor: <\/strong>Personaliz\u00e1vel<\/li>\n\n\n\n<li><strong>Embalagem:<\/strong> Caixa de cor\/caixa de cart\u00e3o, etc<\/li>\n\n\n\n<li><strong>Pega:<\/strong> Pega para se adaptar ao seu estilo<\/li>\n<\/ul>\n<\/div>\n<\/div>\n\n\n\n<h3 class=\"wp-block-heading\">Ideal para compradores B2B<\/h3>\n\n\n\n<ul class=\"wp-block-list\">\n<li><strong>Restaurantes e caf\u00e9s<\/strong>: Simplifique a prepara\u00e7\u00e3o de massas e legumes com uma ferramenta dur\u00e1vel e eficiente que resiste a um servi\u00e7o de grande volume.<\/li>\n\n\n\n<li><strong>Hot\u00e9is e restaura\u00e7\u00e3o<\/strong>: Impressionar os clientes com uma prepara\u00e7\u00e3o de alimentos consistente e de alta qualidade, mantendo a efici\u00eancia operacional.<\/li>\n\n\n\n<li><strong>Cozinhas institucionais<\/strong>: Satisfazem os requisitos de durabilidade e higiene para escolas, hospitais e cafetarias de empresas.<\/li>\n<\/ul>\n\n\n\n<p>Este cesto coador perfurado \u00e9 um investimento estrat\u00e9gico na efici\u00eancia operacional, seguran\u00e7a alimentar e produtividade da cozinha para o seu neg\u00f3cio de servi\u00e7os alimentares.<\/p>","protected":false},"excerpt":{"rendered":"<p data-start=\"192\" data-end=\"584\">Este cesto coador perfurado de qualidade comercial \u00e9 feito de a\u00e7o inoxid\u00e1vel duradouro para cozinhas profissionais. Fazendo parte da nossa gama de cestos coadores para massas\/alimentos por grosso, possui uma pega longa e robusta e microperfura\u00e7\u00f5es uniformes para escoamento, cozedura a vapor e branqueamento r\u00e1pidos. Ideal para massas, legumes, marisco e outros ingredientes em opera\u00e7\u00f5es de servi\u00e7os alimentares de grande volume.<\/p>\n<h2><strong><b>Carater\u00edsticas e vantagens do cesto coador de massas \/ alimentos <\/b><\/strong><strong><b>:<\/b><\/strong><\/h2>\n<h3 data-section-id=\"1m4go2k\" data-start=\"818\" data-end=\"854\">1. Durabilidade de n\u00edvel comercial<\/h3>\n<p data-start=\"855\" data-end=\"1192\">Fabricado em a\u00e7o inoxid\u00e1vel seguro para alimentos e resistente \u00e0 corros\u00e3o, este cesto coador resiste \u00e0 exposi\u00e7\u00e3o repetida a l\u00edquidos a ferver, a temperaturas elevadas e a ciclos de m\u00e1quinas de lavar loi\u00e7a comerciais. Como um fi\u00e1vel <strong data-start=\"1050\" data-end=\"1092\">cesto coador para massas\/alimentos por atacado<\/strong> Opcionalmente, a sua constru\u00e7\u00e3o robusta resiste a dobras, amolgadelas e ferrugem, garantindo um desempenho a longo prazo.<\/p>\n<h3 data-section-id=\"1kq8c1d\" data-start=\"1194\" data-end=\"1246\">2. Drenagem eficiente e perfura\u00e7\u00f5es de precis\u00e3o<\/h3>\n<p data-start=\"1247\" data-end=\"1502\">O design microperfurado uniforme permite uma drenagem r\u00e1pida e completa dos l\u00edquidos, impedindo a sa\u00edda de pequenas part\u00edculas de alimentos. \u00c9 perfeito para escorrer massas, escaldar legumes e coar caldos, melhorando a efici\u00eancia e a apresenta\u00e7\u00e3o dos alimentos.<\/p>\n<h3 data-section-id=\"13f9662\" data-start=\"1504\" data-end=\"1538\">3. Manuseamento ergon\u00f3mico e seguro<\/h3>\n<p data-start=\"1539\" data-end=\"1745\">A pega alargada em a\u00e7o inoxid\u00e1vel proporciona uma ader\u00eancia confort\u00e1vel e segura, mantendo as m\u00e3os afastadas dos l\u00edquidos quentes e do vapor. A fixa\u00e7\u00e3o refor\u00e7ada da pega garante estabilidade durante a utiliza\u00e7\u00e3o intensiva na cozinha.<\/p>\n<h3 data-section-id=\"pah24o\" data-start=\"1747\" data-end=\"1783\">4. Higi\u00e9nico e de f\u00e1cil manuten\u00e7\u00e3o<\/h3>\n<p data-start=\"1784\" data-end=\"2001\">A superf\u00edcie de a\u00e7o inoxid\u00e1vel polido resiste \u00e0 acumula\u00e7\u00e3o de res\u00edduos e \u00e9 f\u00e1cil de limpar. A estrutura perfurada evita que os detritos fiquem presos, apoiando uma limpeza e higieniza\u00e7\u00e3o eficientes em m\u00e1quinas de lavar loi\u00e7a comerciais.<\/p>\n<h3 data-section-id=\"y6i0rg\" data-start=\"2003\" data-end=\"2044\">5. Aplica\u00e7\u00e3o comercial vers\u00e1til<\/h3>\n<p data-start=\"2045\" data-end=\"2164\">Compat\u00edvel com a maioria das panelas e utens\u00edlios de cozinha normais, este <strong data-start=\"2099\" data-end=\"2141\">cesto coador para massas \/ alimentos por atacado<\/strong> A solu\u00e7\u00e3o \u00e9 ideal para:<\/p>\n<ul data-start=\"2166\" data-end=\"2287\">\n<li data-section-id=\"1fkgl1o\" data-start=\"2166\" data-end=\"2196\">\n<p data-start=\"2168\" data-end=\"2196\">Cozedura e escorrimento de massas<\/p>\n<\/li>\n<li data-section-id=\"1gjxle0\" data-start=\"2197\" data-end=\"2233\">\n<p data-start=\"2199\" data-end=\"2233\">Branqueamento e cozedura a vapor de legumes<\/p>\n<\/li>\n<li data-section-id=\"1tllxc4\" data-start=\"2234\" data-end=\"2257\">\n<p data-start=\"2236\" data-end=\"2257\">Prepara\u00e7\u00e3o de marisco<\/p>\n<\/li>\n<li data-section-id=\"1q5nrsj\" data-start=\"2258\" data-end=\"2287\">\n<p data-start=\"2260\" data-end=\"2287\">Coar caldos e caldos de carne<\/p>\n<\/li>\n<\/ul>\n<p data-start=\"2289\" data-end=\"2358\">\u00c9 uma ferramenta pr\u00e1tica e polivalente para cozinhas profissionais.<\/p>\n<h3 data-section-id=\"90n5to\" data-start=\"2360\" data-end=\"2397\">6. Solu\u00e7\u00e3o econ\u00f3mica a granel<\/h3>\n<p data-start=\"2398\" data-end=\"2587\">Dispon\u00edvel para compras a granel, este cesto coador ajuda a normalizar os utens\u00edlios de cozinha em restaurantes, hot\u00e9is e opera\u00e7\u00f5es de catering, mantendo uma qualidade e fiabilidade consistentes.<\/p>","protected":false},"featured_media":6070,"comment_status":"closed","ping_status":"closed","template":"","meta":{"_acf_changed":false},"product_brand":[],"product_cat":[56],"product_tag":[],"class_list":{"0":"post-6069","1":"product","2":"type-product","3":"status-publish","4":"has-post-thumbnail","6":"product_cat-wholesale-kitchen-utensils","8":"first","9":"instock","10":"shipping-taxable","11":"product-type-simple"},"acf":[],"_links":{"self":[{"href":"https:\/\/www.chancescook.com\/pt\/wp-json\/wp\/v2\/product\/6069","targetHints":{"allow":["GET"]}}],"collection":[{"href":"https:\/\/www.chancescook.com\/pt\/wp-json\/wp\/v2\/product"}],"about":[{"href":"https:\/\/www.chancescook.com\/pt\/wp-json\/wp\/v2\/types\/product"}],"replies":[{"embeddable":true,"href":"https:\/\/www.chancescook.com\/pt\/wp-json\/wp\/v2\/comments?post=6069"}],"wp:featuredmedia":[{"embeddable":true,"href":"https:\/\/www.chancescook.com\/pt\/wp-json\/wp\/v2\/media\/6070"}],"wp:attachment":[{"href":"https:\/\/www.chancescook.com\/pt\/wp-json\/wp\/v2\/media?parent=6069"}],"wp:term":[{"taxonomy":"product_brand","embeddable":true,"href":"https:\/\/www.chancescook.com\/pt\/wp-json\/wp\/v2\/product_brand?post=6069"},{"taxonomy":"product_cat","embeddable":true,"href":"https:\/\/www.chancescook.com\/pt\/wp-json\/wp\/v2\/product_cat?post=6069"},{"taxonomy":"product_tag","embeddable":true,"href":"https:\/\/www.chancescook.com\/pt\/wp-json\/wp\/v2\/product_tag?post=6069"}],"curies":[{"name":"wp","href":"https:\/\/api.w.org\/{rel}","templated":true}]}}