{"id":5572,"date":"2025-11-15T08:34:01","date_gmt":"2025-11-15T08:07:58","guid":{"rendered":"https:\/\/www.chancescook.com\/?post_type=product&#038;p=5572"},"modified":"2025-12-22T09:33:59","modified_gmt":"2025-12-22T09:33:59","slug":"custom-food-storage-containers-bulk","status":"publish","type":"product","link":"https:\/\/www.chancescook.com\/ru\/product\/custom-food-storage-containers-bulk\/","title":{"rendered":"\u041f\u043e\u043b\u044c\u0437\u043e\u0432\u0430\u0442\u0435\u043b\u044c\u0441\u043a\u0438\u0435 \u043a\u043e\u043d\u0442\u0435\u0439\u043d\u0435\u0440\u044b \u0434\u043b\u044f \u0445\u0440\u0430\u043d\u0435\u043d\u0438\u044f \u043f\u0440\u043e\u0434\u0443\u043a\u0442\u043e\u0432 \u043f\u0438\u0442\u0430\u043d\u0438\u044f \u043e\u043f\u0442\u043e\u043c \u043b\u0430\u043d\u0447-\u0431\u043e\u043a\u0441\u044b \u0441\u043e \u0441\u0442\u0435\u043a\u043b\u044f\u043d\u043d\u043e\u0439 \u043a\u0440\u044b\u0448\u043a\u043e\u0439"},"content":{"rendered":"<div class=\"wp-block-columns is-layout-flex wp-container-core-columns-is-layout-9d6595d7 wp-block-columns-is-layout-flex\">\n<div class=\"wp-block-column is-layout-flow wp-block-column-is-layout-flow\">\n<h3 class=\"wp-block-heading\">\u041f\u043e\u043b\u044c\u0437\u043e\u0432\u0430\u0442\u0435\u043b\u044c\u0441\u043a\u0438\u0435 \u043a\u043e\u043d\u0442\u0435\u0439\u043d\u0435\u0440\u044b \u0434\u043b\u044f \u0445\u0440\u0430\u043d\u0435\u043d\u0438\u044f \u043f\u0440\u043e\u0434\u0443\u043a\u0442\u043e\u0432 \u041f\u0430\u0440\u0430\u043c\u0435\u0442\u0440\u044b:<\/h3>\n\n\n\n<ul class=\"wp-block-list\">\n<li><strong>\u041c\u0430\u0442\u0435\u0440\u0438\u0430\u043b\u044b:<\/strong> ss304\/ss201<\/li>\n\n\n\n<li><strong>\u0422\u043e\u043b\u0449\u0438\u043d\u0430: <\/strong>0,6 \u043c\u043c\uff1b<\/li>\n\n\n\n<li><strong>\u041a\u0440\u044b\u0448\u043a\u0430: <\/strong>\u043a\u0440\u044b\u0448\u043a\u0430 \u0438\u0437 \u0441\u0438\u043b\u0438\u043a\u043e\u043d\u043e\u0432\u043e\u0433\u043e \u0441\u0442\u0435\u043a\u043b\u0430\uff1b<\/li>\n\n\n\n<li><strong>\u0412\u043d\u0435\u0448\u043d\u0435\u0435 \u043c\u0430\u0441\u0442\u0435\u0440\u0441\u0442\u0432\u043e:<\/strong> \u0432\u043d\u0443\u0442\u0440\u0435\u043d\u043d\u0438\u0439 \u0438 \u0432\u043d\u0435\u0448\u043d\u0438\u0439 \u044d\u043b\u0435\u043a\u0442\u0440\u043e\u043b\u0438\u0437<\/li>\n\n\n\n<li><strong>SKU:<\/strong> 700\/1200\/1900\/1000\/1800\/3000ml<br>700 \u043c\u043b: 15,9x12x4,6 \u0441\u043c<br>1200ML:19.5\u00d714.8\u00d75.1cm<br>1900ML:23.6\u00d718.2\u00d75.5cm<br>1000 \u043c\u043b: 15,9x12x7 \u0441\u043c<br>1800ML:19.5\u00d714.8x8cm<br>3000ML:23.61\u00d78.4x90cm<\/li>\n<\/ul>\n<\/div>\n\n\n\n<div class=\"wp-block-column is-layout-flow wp-block-column-is-layout-flow\">\n<h3 class=\"wp-block-heading\">\u0412\u0430\u0440\u0438\u0430\u043d\u0442\u044b \u0438\u0437\u0433\u043e\u0442\u043e\u0432\u043b\u0435\u043d\u0438\u044f \u043a\u043e\u043d\u0442\u0435\u0439\u043d\u0435\u0440\u043e\u0432 \u0434\u043b\u044f \u043f\u0438\u0449\u0435\u0432\u044b\u0445 \u043f\u0440\u043e\u0434\u0443\u043a\u0442\u043e\u0432 \u043d\u0430 \u0437\u0430\u043a\u0430\u0437\uff1a<\/h3>\n\n\n\n<p>\u041f\u043e\u0434\u043d\u0438\u043c\u0438\u0442\u0435 \u0441\u0432\u043e\u0439 \u043a\u0435\u0439\u0442\u0435\u0440\u0438\u043d\u0433\u043e\u0432\u044b\u0439 \u0431\u0438\u0437\u043d\u0435\u0441 \u0431\u043b\u0430\u0433\u043e\u0434\u0430\u0440\u044f \u043d\u0435\u043e\u0433\u0440\u0430\u043d\u0438\u0447\u0435\u043d\u043d\u044b\u043c \u0432\u043e\u0437\u043c\u043e\u0436\u043d\u043e\u0441\u0442\u044f\u043c \u043f\u0435\u0440\u0441\u043e\u043d\u0430\u043b\u0438\u0437\u0430\u0446\u0438\u0438 \u0438 \u0438\u043d\u043d\u043e\u0432\u0430\u0446\u0438\u043e\u043d\u043d\u043e\u043c\u0443 \u0434\u0438\u0437\u0430\u0439\u043d\u0443.<\/p>\n\n\n\n<p><strong>\u041c\u0430\u0442\u0435\u0440\u0438\u0430\u043b\u044b: <\/strong>ss304\/ss201<br><strong>\u0423\u043f\u0430\u043a\u043e\u0432\u043a\u0430:<\/strong> \u041a\u0430\u0440\u0442\u043e\u043d\u043d\u0430\u044f \u043a\u043e\u0440\u043e\u0431\u043a\u0430\/\u0446\u0432\u0435\u0442\u043d\u0430\u044f \u043a\u043e\u0440\u043e\u0431\u043a\u0430<br><strong>\u0420\u0430\u0437\u043c\u0435\u0440: <\/strong>700ML\/1200ML\/1900ML\/1000ML\/1800ML\/3000ML<br><strong><a href=\"https:\/\/www.chancescook.com\/ru\/custom-cookware\/\" target=\"_blank\" rel=\"noreferrer noopener\">OEM \u0438 ODM \u0438\u043d\u0434\u0438\u0432\u0438\u0434\u0443\u0430\u043b\u044c\u043d\u044b\u0435 \u0440\u0435\u0448\u0435\u043d\u0438\u044f<\/a><\/strong><\/p>\n<\/div>\n<\/div>\n\n\n\n<figure class=\"wp-block-image size-full\"><img decoding=\"async\" width=\"1135\" height=\"382\" src=\"https:\/\/www.chancescook.com\/wp-content\/uploads\/2025\/11\/Custom-Food-Storage-Containers-Size.webp\" alt=\"\u0418\u043d\u0434\u0438\u0432\u0438\u0434\u0443\u0430\u043b\u044c\u043d\u044b\u0435 \u0440\u0430\u0437\u043c\u0435\u0440\u044b \u043a\u043e\u043d\u0442\u0435\u0439\u043d\u0435\u0440\u043e\u0432 \u0434\u043b\u044f \u0445\u0440\u0430\u043d\u0435\u043d\u0438\u044f \u043f\u0440\u043e\u0434\u0443\u043a\u0442\u043e\u0432\" class=\"wp-image-5573\" srcset=\"https:\/\/www.chancescook.com\/wp-content\/uploads\/2025\/11\/Custom-Food-Storage-Containers-Size.webp 1135w, https:\/\/www.chancescook.com\/wp-content\/uploads\/2025\/11\/Custom-Food-Storage-Containers-Size-300x101.webp 300w, https:\/\/www.chancescook.com\/wp-content\/uploads\/2025\/11\/Custom-Food-Storage-Containers-Size-768x258.webp 768w, https:\/\/www.chancescook.com\/wp-content\/uploads\/2025\/11\/Custom-Food-Storage-Containers-Size-18x6.webp 18w, https:\/\/www.chancescook.com\/wp-content\/uploads\/2025\/11\/Custom-Food-Storage-Containers-Size-285x96.webp 285w, https:\/\/www.chancescook.com\/wp-content\/uploads\/2025\/11\/Custom-Food-Storage-Containers-Size-660x222.webp 660w, https:\/\/www.chancescook.com\/wp-content\/uploads\/2025\/11\/Custom-Food-Storage-Containers-Size-150x50.webp 150w\" sizes=\"(max-width: 1135px) 100vw, 1135px\" \/><\/figure>\n\n\n\n<div class=\"wp-block-columns is-layout-flex wp-container-core-columns-is-layout-9d6595d7 wp-block-columns-is-layout-flex\">\n<div class=\"wp-block-column is-layout-flow wp-block-column-is-layout-flow\">\n<figure class=\"wp-block-image size-full\"><img decoding=\"async\" width=\"2364\" height=\"1665\" src=\"https:\/\/www.chancescook.com\/wp-content\/uploads\/2025\/11\/Custom-Food-Storage-Containers-Wholesaler-chancescook-1.webp\" alt=\"\" class=\"wp-image-5574\" srcset=\"https:\/\/www.chancescook.com\/wp-content\/uploads\/2025\/11\/Custom-Food-Storage-Containers-Wholesaler-chancescook-1.webp 2364w, https:\/\/www.chancescook.com\/wp-content\/uploads\/2025\/11\/Custom-Food-Storage-Containers-Wholesaler-chancescook-1-300x211.webp 300w, https:\/\/www.chancescook.com\/wp-content\/uploads\/2025\/11\/Custom-Food-Storage-Containers-Wholesaler-chancescook-1-768x541.webp 768w, https:\/\/www.chancescook.com\/wp-content\/uploads\/2025\/11\/Custom-Food-Storage-Containers-Wholesaler-chancescook-1-18x12.webp 18w, https:\/\/www.chancescook.com\/wp-content\/uploads\/2025\/11\/Custom-Food-Storage-Containers-Wholesaler-chancescook-1-285x201.webp 285w, https:\/\/www.chancescook.com\/wp-content\/uploads\/2025\/11\/Custom-Food-Storage-Containers-Wholesaler-chancescook-1-1600x1127.webp 1600w, https:\/\/www.chancescook.com\/wp-content\/uploads\/2025\/11\/Custom-Food-Storage-Containers-Wholesaler-chancescook-1-660x465.webp 660w, https:\/\/www.chancescook.com\/wp-content\/uploads\/2025\/11\/Custom-Food-Storage-Containers-Wholesaler-chancescook-1-150x106.webp 150w\" sizes=\"(max-width: 2364px) 100vw, 2364px\" \/><\/figure>\n<\/div>\n\n\n\n<div class=\"wp-block-column is-layout-flow wp-block-column-is-layout-flow\">\n<figure class=\"wp-block-image size-full\"><img decoding=\"async\" width=\"2048\" height=\"1463\" src=\"https:\/\/www.chancescook.com\/wp-content\/uploads\/2025\/11\/Custom-Food-Storage-Containers-Wholesaler-chancescook-2.webp\" alt=\"\u041f\u043e\u043b\u044c\u0437\u043e\u0432\u0430\u0442\u0435\u043b\u044c\u0441\u043a\u0438\u0435 \u043a\u043e\u043d\u0442\u0435\u0439\u043d\u0435\u0440\u044b \u0434\u043b\u044f \u0445\u0440\u0430\u043d\u0435\u043d\u0438\u044f \u043f\u0440\u043e\u0434\u0443\u043a\u0442\u043e\u0432 \u041e\u043f\u0442\u043e\u0432\u044b\u0439 \u043f\u0440\u043e\u0434\u0430\u0432\u0435\u0446 - chancescook (2)\" class=\"wp-image-5575\" srcset=\"https:\/\/www.chancescook.com\/wp-content\/uploads\/2025\/11\/Custom-Food-Storage-Containers-Wholesaler-chancescook-2.webp 2048w, https:\/\/www.chancescook.com\/wp-content\/uploads\/2025\/11\/Custom-Food-Storage-Containers-Wholesaler-chancescook-2-300x214.webp 300w, https:\/\/www.chancescook.com\/wp-content\/uploads\/2025\/11\/Custom-Food-Storage-Containers-Wholesaler-chancescook-2-768x549.webp 768w, https:\/\/www.chancescook.com\/wp-content\/uploads\/2025\/11\/Custom-Food-Storage-Containers-Wholesaler-chancescook-2-18x12.webp 18w, https:\/\/www.chancescook.com\/wp-content\/uploads\/2025\/11\/Custom-Food-Storage-Containers-Wholesaler-chancescook-2-285x204.webp 285w, https:\/\/www.chancescook.com\/wp-content\/uploads\/2025\/11\/Custom-Food-Storage-Containers-Wholesaler-chancescook-2-1600x1143.webp 1600w, https:\/\/www.chancescook.com\/wp-content\/uploads\/2025\/11\/Custom-Food-Storage-Containers-Wholesaler-chancescook-2-660x471.webp 660w, https:\/\/www.chancescook.com\/wp-content\/uploads\/2025\/11\/Custom-Food-Storage-Containers-Wholesaler-chancescook-2-150x107.webp 150w\" sizes=\"(max-width: 2048px) 100vw, 2048px\" \/><\/figure>\n<\/div>\n<\/div>","protected":false},"excerpt":{"rendered":"<p>\u041a\u043e\u043d\u0442\u0435\u0439\u043d\u0435\u0440\u044b \u0434\u043b\u044f \u0445\u0440\u0430\u043d\u0435\u043d\u0438\u044f \u043f\u0440\u043e\u0434\u0443\u043a\u0442\u043e\u0432 Chance \u043e\u043f\u0442\u043e\u043c \u043f\u0440\u0435\u0434\u043b\u0430\u0433\u0430\u044e\u0442 \u0443\u043d\u0438\u0432\u0435\u0440\u0441\u0430\u043b\u044c\u043d\u044b\u0435 \u043a\u043e\u043d\u0442\u0435\u0439\u043d\u0435\u0440\u044b \u0438\u0437 \u043d\u0435\u0440\u0436\u0430\u0432\u0435\u044e\u0449\u0435\u0439 \u0441\u0442\u0430\u043b\u0438 \u0441 \u0443\u043b\u0443\u0447\u0448\u0435\u043d\u043d\u043e\u0439 \u0433\u0435\u0440\u043c\u0435\u0442\u0438\u0437\u0430\u0446\u0438\u0435\u0439 \u0438 \u0432\u043e\u0437\u043c\u043e\u0436\u043d\u043e\u0441\u0442\u044c\u044e \u0438\u0441\u043f\u043e\u043b\u044c\u0437\u043e\u0432\u0430\u043d\u0438\u044f \u0432 \u043c\u0438\u043a\u0440\u043e\u0432\u043e\u043b\u043d\u043e\u0432\u043e\u0439 \u043f\u0435\u0447\u0438. \u0418\u0434\u0435\u0430\u043b\u044c\u043d\u043e \u043f\u043e\u0434\u0445\u043e\u0434\u0438\u0442 \u0434\u043b\u044f \u0435\u0434\u044b \u0438 \u043e\u0441\u0442\u0430\u0442\u043a\u043e\u0432, \u043c\u044b \u043f\u0440\u0435\u0434\u043e\u0441\u0442\u0430\u0432\u043b\u044f\u0435\u043c \u0437\u0430\u0432\u043e\u0434\u0441\u043a\u0438\u0435 \u043e\u043f\u0442\u043e\u0432\u044b\u0435 \u0446\u0435\u043d\u044b, \u0431\u0435\u0441\u043f\u043b\u0430\u0442\u043d\u044b\u0435 \u043e\u0431\u0440\u0430\u0437\u0446\u044b \u0438 \u043f\u043e\u043b\u043d\u0443\u044e \u043d\u0430\u0441\u0442\u0440\u043e\u0439\u043a\u0443 \u0434\u043b\u044f \u0433\u043b\u043e\u0431\u0430\u043b\u044c\u043d\u044b\u0445 \u043f\u043e\u043a\u0443\u043f\u0430\u0442\u0435\u043b\u0435\u0439.<\/p>\n<h3>\u041e\u0441\u043e\u0431\u0435\u043d\u043d\u043e\u0441\u0442\u0438 \u0438 \u043f\u0440\u0435\u0438\u043c\u0443\u0449\u0435\u0441\u0442\u0432\u0430 \u043a\u043e\u043d\u0442\u0435\u0439\u043d\u0435\u0440\u043e\u0432 \u0434\u043b\u044f \u0445\u0440\u0430\u043d\u0435\u043d\u0438\u044f \u043f\u0440\u043e\u0434\u0443\u043a\u0442\u043e\u0432<\/h3>\n<ul>\n<li><strong>\u041f\u0435\u0440\u0435\u0434\u043e\u0432\u0430\u044f \u0442\u0435\u0445\u043d\u043e\u043b\u043e\u0433\u0438\u044f \u0443\u043f\u043b\u043e\u0442\u043d\u0435\u043d\u0438\u044f:<\/strong> \u0412 \u043a\u043e\u043c\u043f\u043b\u0435\u043a\u0442 \u0432\u0445\u043e\u0434\u0438\u0442 \u0438\u043d\u0434\u0438\u0432\u0438\u0434\u0443\u0430\u043b\u044c\u043d\u043e\u0435 \u0441\u0438\u043b\u0438\u043a\u043e\u043d\u043e\u0432\u043e\u0435 \u0443\u043f\u043b\u043e\u0442\u043d\u0438\u0442\u0435\u043b\u044c\u043d\u043e\u0435 \u043a\u043e\u043b\u044c\u0446\u043e, \u043e\u0431\u0435\u0441\u043f\u0435\u0447\u0438\u0432\u0430\u044e\u0449\u0435\u0435 \u0433\u0435\u0440\u043c\u0435\u0442\u0438\u0447\u043d\u043e\u0435 \u0437\u0430\u043a\u0440\u044b\u0442\u0438\u0435 \u0434\u043b\u044f \u0438\u0434\u0435\u0430\u043b\u044c\u043d\u043e\u0433\u043e \u0441\u043e\u0445\u0440\u0430\u043d\u0435\u043d\u0438\u044f \u0441\u0432\u0435\u0436\u0435\u0441\u0442\u0438, \u0432\u043a\u0443\u0441\u0430 \u0438 \u043f\u0438\u0442\u0430\u0442\u0435\u043b\u044c\u043d\u044b\u0445 \u0432\u0435\u0449\u0435\u0441\u0442\u0432 \u043f\u0440\u043e\u0434\u0443\u043a\u0442\u043e\u0432. \u042d\u0442\u043e \u043e\u0447\u0435\u043d\u044c \u0432\u043e\u0441\u0442\u0440\u0435\u0431\u043e\u0432\u0430\u043d\u043e \u043f\u043e\u043a\u0443\u043f\u0430\u0442\u0435\u043b\u044f\u043c\u0438 \u0434\u043b\u044f \u043f\u043e\u043b\u044c\u0437\u043e\u0432\u0430\u0442\u0435\u043b\u044c\u0441\u043a\u0438\u0445 \u043a\u043e\u043d\u0442\u0435\u0439\u043d\u0435\u0440\u043e\u0432 \u0434\u043b\u044f \u0445\u0440\u0430\u043d\u0435\u043d\u0438\u044f \u043f\u0440\u043e\u0434\u0443\u043a\u0442\u043e\u0432 \u043e\u043f\u0442\u043e\u043c.<\/li>\n<li><strong>\u0411\u0435\u0437\u043e\u043f\u0430\u0441\u043d\u044b\u0439 \u0434\u0438\u0437\u0430\u0439\u043d \u0434\u043b\u044f \u043c\u0438\u043a\u0440\u043e\u0432\u043e\u043b\u043d\u043e\u0432\u043e\u0439 \u043f\u0435\u0447\u0438:<\/strong> \u0411\u0435\u0437\u043e\u043f\u0430\u0441\u043d\u043e\u0435 \u0440\u0430\u0437\u043e\u0433\u0440\u0435\u0432\u0430\u043d\u0438\u0435 \u043f\u0438\u0449\u0438 \u0432 \u043c\u0438\u043a\u0440\u043e\u0432\u043e\u043b\u043d\u043e\u0432\u043e\u0439 \u043f\u0435\u0447\u0438 (\u0441\u043e \u0441\u043d\u044f\u0442\u043e\u0439 \u043a\u0440\u044b\u0448\u043a\u043e\u0439) \u0434\u0435\u043b\u0430\u0435\u0442 \u044d\u0442\u043e\u0442 \u043f\u0440\u043e\u0434\u0443\u043a\u0442 \u0438\u0434\u0435\u0430\u043b\u044c\u043d\u044b\u043c \u0434\u043b\u044f \u043e\u043f\u0442\u043e\u0432\u043e\u0439 \u043f\u0440\u043e\u0434\u0430\u0436\u0438 \u043a\u043e\u043d\u0442\u0435\u0439\u043d\u0435\u0440\u043e\u0432 \u0434\u043b\u044f \u0445\u0440\u0430\u043d\u0435\u043d\u0438\u044f \u043f\u0440\u043e\u0434\u0443\u043a\u0442\u043e\u0432.<\/li>\n<li><strong><b>\u0423\u043d\u0438\u0432\u0435\u0440\u0441\u0430\u043b\u044c\u043d\u043e\u0435 \u043f\u0440\u0438\u043c\u0435\u043d\u0435\u043d\u0438\u0435: <\/b><\/strong>\u041e\u0442 \u043e\u0441\u0442\u0430\u0442\u043a\u043e\u0432 \u0438 \u043c\u0430\u0440\u0438\u043d\u043e\u0432\u0430\u043d\u0438\u044f \u0434\u043e \u043f\u0440\u0438\u0433\u043e\u0442\u043e\u0432\u043b\u0435\u043d\u0438\u044f \u0435\u0434\u044b \u0438\u043b\u0438 \u0434\u0430\u0436\u0435 \u0437\u0430\u0445\u0432\u0430\u0442\u0430 \u0435\u0434\u044b \u0441 \u0441\u043e\u0431\u043e\u0439 - \u0432\u043e\u0437\u043c\u043e\u0436\u043d\u043e\u0441\u0442\u0438 \u044d\u0442\u0438\u0445 \u043f\u0440\u0438\u0431\u043e\u0440\u043e\u0432 \u0431\u0435\u0437\u0433\u0440\u0430\u043d\u0438\u0447\u043d\u044b.<\/li>\n<li><strong>\u0423\u0441\u0442\u043e\u0439\u0447\u0438\u0432\u043e\u0441\u0442\u044c \u043a \u0448\u0438\u0440\u043e\u043a\u0438\u043c \u0442\u0435\u043c\u043f\u0435\u0440\u0430\u0442\u0443\u0440\u0430\u043c:<\/strong> \u041f\u0440\u0435\u0434\u043d\u0430\u0437\u043d\u0430\u0447\u0435\u043d \u0434\u043b\u044f \u0448\u0438\u0440\u043e\u043a\u043e\u0433\u043e \u0434\u0438\u0430\u043f\u0430\u0437\u043e\u043d\u0430 \u0442\u0435\u043c\u043f\u0435\u0440\u0430\u0442\u0443\u0440, \u043f\u043e\u0434\u0445\u043e\u0434\u0438\u0442 \u0434\u043b\u044f \u0445\u043e\u043b\u043e\u0434\u0438\u043b\u044c\u043d\u0438\u043a\u043e\u0432, \u043c\u043e\u0440\u043e\u0437\u0438\u043b\u044c\u043d\u0438\u043a\u043e\u0432 \u0438 \u0434\u0443\u0445\u043e\u0432\u043e\u043a - \u0441\u043e \u0441\u043d\u044f\u0442\u043e\u0439 \u043a\u0440\u044b\u0448\u043a\u043e\u0439.<\/li>\n<li><strong>\u041b\u0435\u0433\u043a\u043e \u0447\u0438\u0441\u0442\u0438\u0442\u0441\u044f:<\/strong> \u0414\u043d\u043e \u0438\u0437 \u043d\u0435\u0440\u0436\u0430\u0432\u0435\u044e\u0449\u0435\u0439 \u0441\u0442\u0430\u043b\u0438 \u0438 \u0441\u0442\u0435\u043a\u043b\u044f\u043d\u043d\u0430\u044f \u043a\u0440\u044b\u0448\u043a\u0430 \u043f\u0440\u0438\u0433\u043e\u0434\u043d\u044b \u0434\u043b\u044f \u043c\u044b\u0442\u044c\u044f \u0432 \u043f\u043e\u0441\u0443\u0434\u043e\u043c\u043e\u0435\u0447\u043d\u043e\u0439 \u043c\u0430\u0448\u0438\u043d\u0435, \u0447\u0442\u043e \u043e\u0431\u0435\u0441\u043f\u0435\u0447\u0438\u0432\u0430\u0435\u0442 \u043b\u0435\u0433\u043a\u0443\u044e \u043e\u0447\u0438\u0441\u0442\u043a\u0443 \u0438 \u0434\u043b\u0438\u0442\u0435\u043b\u044c\u043d\u0443\u044e \u0433\u0438\u0433\u0438\u0435\u043d\u0443.<\/li>\n<li><strong>\u0421\u0442\u0438\u043b\u044c\u043d\u044b\u0439 \u0438 \u043f\u0440\u0430\u043a\u0442\u0438\u0447\u043d\u044b\u0439 \u0434\u0438\u0437\u0430\u0439\u043d:<\/strong> \u0421\u0442\u0438\u043b\u044c\u043d\u044b\u0439 \u0441\u043e\u0432\u0440\u0435\u043c\u0435\u043d\u043d\u044b\u0439 \u0432\u0438\u0434 \u0441 \u043f\u0440\u043e\u0437\u0440\u0430\u0447\u043d\u043e\u0439 \u043a\u0440\u044b\u0448\u043a\u043e\u0439 \u043f\u043e\u0437\u0432\u043e\u043b\u044f\u0435\u0442 \u043b\u0435\u0433\u043a\u043e \u0432\u0438\u0434\u0435\u0442\u044c \u0441\u043e\u0434\u0435\u0440\u0436\u0438\u043c\u043e\u0435 \u0438 \u0434\u043e\u0431\u0430\u0432\u043b\u044f\u0435\u0442 \u044d\u0441\u0442\u0435\u0442\u0438\u043a\u0438 \u0432\u0430\u0448\u0435\u0439 \u043a\u0443\u0445\u043d\u0435.<\/li>\n<\/ul>\n<p><strong>\u0413\u043e\u0442\u043e\u0432\u044b \u0441\u0434\u0435\u043b\u0430\u0442\u044c \u0437\u0430\u043a\u0430\u0437?<\/strong> \u0414\u043b\u044f \u044d\u0442\u0438\u0445 \u043f\u0440\u0435\u0432\u043e\u0441\u0445\u043e\u0434\u043d\u044b\u0445 \u043a\u043e\u043d\u0442\u0435\u0439\u043d\u0435\u0440\u043e\u0432 \u0434\u043b\u044f \u0445\u0440\u0430\u043d\u0435\u043d\u0438\u044f \u043f\u0440\u043e\u0434\u0443\u043a\u0442\u043e\u0432 \u0443 \u043d\u0430\u0441 \u0435\u0441\u0442\u044c \u043e\u043f\u0442\u043e\u0432\u044b\u0435 \u0432\u043e\u0437\u043c\u043e\u0436\u043d\u043e\u0441\u0442\u0438. \u0421\u0432\u044f\u0436\u0438\u0442\u0435\u0441\u044c \u0441 \u043d\u0430\u043c\u0438 \u0441\u0435\u0433\u043e\u0434\u043d\u044f, \u0447\u0442\u043e\u0431\u044b \u0441\u0434\u0435\u043b\u0430\u0442\u044c \u0438\u043d\u0434\u0438\u0432\u0438\u0434\u0443\u0430\u043b\u044c\u043d\u044b\u0439 \u0437\u0430\u043a\u0430\u0437 \u0438 \u0432\u044b\u0432\u0435\u0441\u0442\u0438 \u0441\u0432\u043e\u0438 \u0432\u043e\u0437\u043c\u043e\u0436\u043d\u043e\u0441\u0442\u0438 \u0445\u0440\u0430\u043d\u0435\u043d\u0438\u044f \u043f\u0440\u043e\u0434\u0443\u043a\u0442\u043e\u0432 \u043d\u0430 \u043d\u043e\u0432\u044b\u0439 \u0443\u0440\u043e\u0432\u0435\u043d\u044c.<\/p>","protected":false},"featured_media":5803,"comment_status":"closed","ping_status":"closed","template":"","meta":{"_acf_changed":false},"product_brand":[],"product_cat":[56],"product_tag":[],"class_list":{"0":"post-5572","1":"product","2":"type-product","3":"status-publish","4":"has-post-thumbnail","6":"product_cat-wholesale-kitchen-utensils","8":"first","9":"instock","10":"shipping-taxable","11":"product-type-simple"},"acf":[],"_links":{"self":[{"href":"https:\/\/www.chancescook.com\/ru\/wp-json\/wp\/v2\/product\/5572","targetHints":{"allow":["GET"]}}],"collection":[{"href":"https:\/\/www.chancescook.com\/ru\/wp-json\/wp\/v2\/product"}],"about":[{"href":"https:\/\/www.chancescook.com\/ru\/wp-json\/wp\/v2\/types\/product"}],"replies":[{"embeddable":true,"href":"https:\/\/www.chancescook.com\/ru\/wp-json\/wp\/v2\/comments?post=5572"}],"wp:featuredmedia":[{"embeddable":true,"href":"https:\/\/www.chancescook.com\/ru\/wp-json\/wp\/v2\/media\/5803"}],"wp:attachment":[{"href":"https:\/\/www.chancescook.com\/ru\/wp-json\/wp\/v2\/media?parent=5572"}],"wp:term":[{"taxonomy":"product_brand","embeddable":true,"href":"https:\/\/www.chancescook.com\/ru\/wp-json\/wp\/v2\/product_brand?post=5572"},{"taxonomy":"product_cat","embeddable":true,"href":"https:\/\/www.chancescook.com\/ru\/wp-json\/wp\/v2\/product_cat?post=5572"},{"taxonomy":"product_tag","embeddable":true,"href":"https:\/\/www.chancescook.com\/ru\/wp-json\/wp\/v2\/product_tag?post=5572"}],"curies":[{"name":"wp","href":"https:\/\/api.w.org\/{rel}","templated":true}]}}